{"id":1626,"date":"2016-02-05T08:03:33","date_gmt":"2016-02-19T09:15:45","guid":{"rendered":"https:\/\/jafep.com\/?post_type=product&#038;p=1626"},"modified":"2023-05-05T07:46:01","modified_gmt":"2023-05-05T07:46:01","slug":"arenas-egypcias-revestimiento-decorativo","status":"publish","type":"product","link":"https:\/\/jafep.com\/pt-pt\/producto\/arenas-egypcias-revestimiento-decorativo\/","title":{"rendered":"Arenas Egypcias"},"content":{"rendered":"<p>Revestimento vin\u00edlico decorativo com o qual se obt\u00eam acabamentos com efeito areado. Resistente a arranh\u00f5es e com boa lavabilidade e resist\u00eancia \u00e0 luz e intemp\u00e9ries dependendo da pigmenta\u00e7\u00e3o. <\/p>\n","protected":false},"excerpt":{"rendered":"<p>Revestimento Decorativo Efeito de Areia <\/p>\n","protected":false},"featured_media":13784,"comment_status":"closed","ping_status":"closed","template":"","meta":{"_acf_changed":false,"_links_to":"","_links_to_target":""},"product_brand":[],"product_cat":[430,1295,1565,1568,1247],"product_tag":[],"class_list":{"0":"post-1626","1":"product","2":"type-product","3":"status-publish","4":"has-post-thumbnail","6":"product_cat-acabado","7":"product_cat-alta-decoracao-pt-pt","8":"product_cat-decorar-pintar-pt-pt","9":"product_cat-efeitos-decorativos","10":"product_cat-interiores-pt-pt","11":"pa_formatos-5kg-pt-pt","12":"pa_iconos-33-rendimiento-8-10-m2l-pt-pt","13":"pa_iconos-45-exterior-interior-pt-pt","14":"pa_iconos-base-agua-pt-pt","15":"pa_iconos-cartacolores","16":"pa_iconos-multicolor-pt-pt","18":"first","19":"instock","20":"shipping-taxable","21":"product-type-simple"},"acf":[],"_links":{"self":[{"href":"https:\/\/jafep.com\/pt-pt\/wp-json\/wp\/v2\/product\/1626","targetHints":{"allow":["GET"]}}],"collection":[{"href":"https:\/\/jafep.com\/pt-pt\/wp-json\/wp\/v2\/product"}],"about":[{"href":"https:\/\/jafep.com\/pt-pt\/wp-json\/wp\/v2\/types\/product"}],"replies":[{"embeddable":true,"href":"https:\/\/jafep.com\/pt-pt\/wp-json\/wp\/v2\/comments?post=1626"}],"wp:featuredmedia":[{"embeddable":true,"href":"https:\/\/jafep.com\/pt-pt\/wp-json\/wp\/v2\/media\/13784"}],"wp:attachment":[{"href":"https:\/\/jafep.com\/pt-pt\/wp-json\/wp\/v2\/media?parent=1626"}],"wp:term":[{"taxonomy":"product_brand","embeddable":true,"href":"https:\/\/jafep.com\/pt-pt\/wp-json\/wp\/v2\/product_brand?post=1626"},{"taxonomy":"product_cat","embeddable":true,"href":"https:\/\/jafep.com\/pt-pt\/wp-json\/wp\/v2\/product_cat?post=1626"},{"taxonomy":"product_tag","embeddable":true,"href":"https:\/\/jafep.com\/pt-pt\/wp-json\/wp\/v2\/product_tag?post=1626"}],"curies":[{"name":"wp","href":"https:\/\/api.w.org\/{rel}","templated":true}]}}