{"id":1614,"date":"2016-02-05T08:16:00","date_gmt":"2016-02-19T08:55:17","guid":{"rendered":"https:\/\/jafep.com\/?post_type=product&#038;p=1614"},"modified":"2023-06-22T11:23:42","modified_gmt":"2023-06-22T11:23:42","slug":"crackelado-decoracao","status":"publish","type":"product","link":"https:\/\/jafep.com\/pt-pt\/producto\/crackelado-decoracao\/","title":{"rendered":"Tinta Crackelados"},"content":{"rendered":"<p>Sistema bicomponente base aquosa, composto por um verniz espec\u00edfico e uma tinta de acabamento, que de f\u00e1cil aplica\u00e7\u00e3o reproduz o tradicional acabamento craquelado envelhecido. <\/p>\n","protected":false},"excerpt":{"rendered":"<p>Tinta Efeito Envelhecido e Crackelado <\/p>\n","protected":false},"featured_media":13783,"comment_status":"closed","ping_status":"closed","template":"","meta":{"_acf_changed":false,"_links_to":"","_links_to_target":""},"product_brand":[],"product_cat":[430,1295],"product_tag":[],"class_list":{"0":"post-1614","1":"product","2":"type-product","3":"status-publish","4":"has-post-thumbnail","6":"product_cat-acabado","7":"product_cat-alta-decoracao-pt-pt","8":"pa_formatos-750ml-pt-pt","9":"pa_herramientas-paletina-alta-decoracion-pt","10":"pa_herramientas-rodillo-interior-poliamida-de-11mm-pt","11":"pa_iconos-62-lavabilidad-nivel-3-pt-pt","12":"pa_iconos-base-agua-pt-pt","14":"first","15":"instock","16":"shipping-taxable","17":"product-type-simple"},"acf":[],"_links":{"self":[{"href":"https:\/\/jafep.com\/pt-pt\/wp-json\/wp\/v2\/product\/1614","targetHints":{"allow":["GET"]}}],"collection":[{"href":"https:\/\/jafep.com\/pt-pt\/wp-json\/wp\/v2\/product"}],"about":[{"href":"https:\/\/jafep.com\/pt-pt\/wp-json\/wp\/v2\/types\/product"}],"replies":[{"embeddable":true,"href":"https:\/\/jafep.com\/pt-pt\/wp-json\/wp\/v2\/comments?post=1614"}],"wp:featuredmedia":[{"embeddable":true,"href":"https:\/\/jafep.com\/pt-pt\/wp-json\/wp\/v2\/media\/13783"}],"wp:attachment":[{"href":"https:\/\/jafep.com\/pt-pt\/wp-json\/wp\/v2\/media?parent=1614"}],"wp:term":[{"taxonomy":"product_brand","embeddable":true,"href":"https:\/\/jafep.com\/pt-pt\/wp-json\/wp\/v2\/product_brand?post=1614"},{"taxonomy":"product_cat","embeddable":true,"href":"https:\/\/jafep.com\/pt-pt\/wp-json\/wp\/v2\/product_cat?post=1614"},{"taxonomy":"product_tag","embeddable":true,"href":"https:\/\/jafep.com\/pt-pt\/wp-json\/wp\/v2\/product_tag?post=1614"}],"curies":[{"name":"wp","href":"https:\/\/api.w.org\/{rel}","templated":true}]}}