{"id":1608,"date":"2016-02-05T08:21:09","date_gmt":"2016-02-19T08:47:39","guid":{"rendered":"https:\/\/jafep.com\/?post_type=product&#038;p=1608"},"modified":"2023-06-22T11:48:31","modified_gmt":"2023-06-22T11:48:31","slug":"sahara-revestimento-decorativo","status":"publish","type":"product","link":"https:\/\/jafep.com\/pt-pt\/producto\/sahara-revestimento-decorativo\/","title":{"rendered":"Sahara"},"content":{"rendered":"<p>Revestimento decorativo de aspecto aveludado, constitu\u00eddo por uma base met\u00e1lica \u00e0 qual se juntam os nossos corantes (Tintura Jafep) obtendo-se acabamentos de efeito muito sofisticado. <\/p>\n","protected":false},"excerpt":{"rendered":"<p>Revestimento Decorativo Efeito Veludo sobre Base Met\u00e1lica <\/p>\n","protected":false},"featured_media":13924,"comment_status":"closed","ping_status":"closed","template":"","meta":{"_acf_changed":false,"_links_to":"","_links_to_target":""},"product_brand":[],"product_cat":[430,1295,1565,1568,1247],"product_tag":[],"class_list":{"0":"post-1608","1":"product","2":"type-product","3":"status-publish","4":"has-post-thumbnail","6":"product_cat-acabado","7":"product_cat-alta-decoracao-pt-pt","8":"product_cat-decorar-pintar-pt-pt","9":"product_cat-efeitos-decorativos","10":"product_cat-interiores-pt-pt","11":"pa_formatos-2-5l-pt-pt","12":"pa_herramientas-llana-pt","13":"pa_herramientas-rodillo-interior-poliamida-de-11mm-pt","14":"pa_iconos-46-interior-pt-pt","15":"pa_iconos-base-agua-pt-pt","16":"pa_iconos-mate-pt-pt","17":"pa_iconos-multicolor-pt-pt","18":"pa_iconos-rendimiento-5-7-m2-l-pt-pt","20":"first","21":"instock","22":"shipping-taxable","23":"product-type-simple"},"acf":[],"_links":{"self":[{"href":"https:\/\/jafep.com\/pt-pt\/wp-json\/wp\/v2\/product\/1608","targetHints":{"allow":["GET"]}}],"collection":[{"href":"https:\/\/jafep.com\/pt-pt\/wp-json\/wp\/v2\/product"}],"about":[{"href":"https:\/\/jafep.com\/pt-pt\/wp-json\/wp\/v2\/types\/product"}],"replies":[{"embeddable":true,"href":"https:\/\/jafep.com\/pt-pt\/wp-json\/wp\/v2\/comments?post=1608"}],"wp:featuredmedia":[{"embeddable":true,"href":"https:\/\/jafep.com\/pt-pt\/wp-json\/wp\/v2\/media\/13924"}],"wp:attachment":[{"href":"https:\/\/jafep.com\/pt-pt\/wp-json\/wp\/v2\/media?parent=1608"}],"wp:term":[{"taxonomy":"product_brand","embeddable":true,"href":"https:\/\/jafep.com\/pt-pt\/wp-json\/wp\/v2\/product_brand?post=1608"},{"taxonomy":"product_cat","embeddable":true,"href":"https:\/\/jafep.com\/pt-pt\/wp-json\/wp\/v2\/product_cat?post=1608"},{"taxonomy":"product_tag","embeddable":true,"href":"https:\/\/jafep.com\/pt-pt\/wp-json\/wp\/v2\/product_tag?post=1608"}],"curies":[{"name":"wp","href":"https:\/\/api.w.org\/{rel}","templated":true}]}}