{"id":1604,"date":"2016-02-05T08:37:12","date_gmt":"2016-02-19T07:21:04","guid":{"rendered":"https:\/\/jafep.com\/?post_type=product&#038;p=1604"},"modified":"2023-06-22T13:34:38","modified_gmt":"2023-06-22T13:34:38","slug":"fondo-mate-alta-decoracao","status":"publish","type":"product","link":"https:\/\/jafep.com\/pt-pt\/producto\/fondo-mate-alta-decoracao\/","title":{"rendered":"Fundo Mate"},"content":{"rendered":"<p>Revestimento acr\u00edlico desenvolvido para ser o fundo ideal para o acabamento de nossas Tierras Rodantinas e outros produtos altamente decorativos. \u00c9 lav\u00e1vel e respir\u00e1vel e com excelente cobertura. <\/p>\n","protected":false},"excerpt":{"rendered":"<p>Revestimento Acr\u00edlico <\/p>\n","protected":false},"featured_media":13925,"comment_status":"closed","ping_status":"closed","template":"","meta":{"_acf_changed":false,"_links_to":"","_links_to_target":""},"product_brand":[],"product_cat":[1295,1245,433,1247],"product_tag":[],"class_list":{"0":"post-1604","1":"product","2":"type-product","3":"status-publish","4":"has-post-thumbnail","6":"product_cat-alta-decoracao-pt-pt","7":"product_cat-antes-de-pintar-interiores-pt-pt","8":"product_cat-fundos-e-corantes","9":"product_cat-interiores-pt-pt","10":"pa_formatos-5kg-pt-pt","11":"pa_herramientas-paletina-alta-decoracion-pt","12":"pa_herramientas-pistola-pt-pt","13":"pa_herramientas-rodillo-interior-poliamida-de-11mm-pt","14":"pa_iconos-46-interior-pt-pt","15":"pa_iconos-51-mate-60o-pt-pt","16":"pa_iconos-61-lavabilidad-nivel-2-pt-pt","17":"pa_iconos-base-agua-pt-pt","18":"pa_iconos-mate-pt-pt","19":"pa_iconos-rendimiento-8-12-m2l-pt-pt","21":"first","22":"instock","23":"shipping-taxable","24":"product-type-simple"},"acf":[],"_links":{"self":[{"href":"https:\/\/jafep.com\/pt-pt\/wp-json\/wp\/v2\/product\/1604","targetHints":{"allow":["GET"]}}],"collection":[{"href":"https:\/\/jafep.com\/pt-pt\/wp-json\/wp\/v2\/product"}],"about":[{"href":"https:\/\/jafep.com\/pt-pt\/wp-json\/wp\/v2\/types\/product"}],"replies":[{"embeddable":true,"href":"https:\/\/jafep.com\/pt-pt\/wp-json\/wp\/v2\/comments?post=1604"}],"wp:featuredmedia":[{"embeddable":true,"href":"https:\/\/jafep.com\/pt-pt\/wp-json\/wp\/v2\/media\/13925"}],"wp:attachment":[{"href":"https:\/\/jafep.com\/pt-pt\/wp-json\/wp\/v2\/media?parent=1604"}],"wp:term":[{"taxonomy":"product_brand","embeddable":true,"href":"https:\/\/jafep.com\/pt-pt\/wp-json\/wp\/v2\/product_brand?post=1604"},{"taxonomy":"product_cat","embeddable":true,"href":"https:\/\/jafep.com\/pt-pt\/wp-json\/wp\/v2\/product_cat?post=1604"},{"taxonomy":"product_tag","embeddable":true,"href":"https:\/\/jafep.com\/pt-pt\/wp-json\/wp\/v2\/product_tag?post=1604"}],"curies":[{"name":"wp","href":"https:\/\/api.w.org\/{rel}","templated":true}]}}