{"id":1596,"date":"2016-02-05T08:45:59","date_gmt":"2016-02-16T15:56:33","guid":{"rendered":"https:\/\/jafep.com\/?post_type=product&#038;p=1596"},"modified":"2023-06-22T13:52:43","modified_gmt":"2023-06-22T13:52:43","slug":"fondo-para-rev-efeito-pedra-base","status":"publish","type":"product","link":"https:\/\/jafep.com\/pt-pt\/producto\/fondo-para-rev-efeito-pedra-base\/","title":{"rendered":"Fundo Efeito Pedra"},"content":{"rendered":"<p>Revestimento pl\u00e1stico acr\u00edlico texturizado de alta qualidade, feito com resinas de emuls\u00e3o acr\u00edlica pura. Com desempenho excepcional. Para acabamentos exteriores e interiores \u201cEfeito Pedra\u201d, mantendo a sua transpira\u00e7\u00e3o. N\u00e3o amarela e tem baixo odor. \u00c9 comercializado como base para obter as tonalidades de cores adequadas para as cores de acabamento do nosso Revestimento Efeito Pedra. <\/p>\n","protected":false},"excerpt":{"rendered":"<p>Revestimento Acr\u00edlico Texturizado <\/p>\n","protected":false},"featured_media":83598,"comment_status":"closed","ping_status":"closed","template":"","meta":{"_acf_changed":false,"_links_to":"","_links_to_target":""},"product_brand":[],"product_cat":[1295,1065,433,1247],"product_tag":[],"class_list":{"0":"post-1596","1":"product","2":"type-product","3":"status-publish","4":"has-post-thumbnail","6":"product_cat-alta-decoracao-pt-pt","7":"product_cat-exteriores-pt-pt","8":"product_cat-fundos-e-corantes","9":"product_cat-interiores-pt-pt","10":"pa_formatos-1l-pt-pt","11":"pa_formatos-4l-pt-pt","12":"pa_herramientas-paletina-alta-decoracion-pt","13":"pa_herramientas-rodillo-interior-poliamida-de-11mm-pt","14":"pa_iconos-33-rendimiento-8-10-m2l-pt-pt","15":"pa_iconos-45-exterior-interior-pt-pt","16":"pa_iconos-base-agua-pt-pt","18":"first","19":"instock","20":"shipping-taxable","21":"product-type-simple"},"acf":[],"_links":{"self":[{"href":"https:\/\/jafep.com\/pt-pt\/wp-json\/wp\/v2\/product\/1596","targetHints":{"allow":["GET"]}}],"collection":[{"href":"https:\/\/jafep.com\/pt-pt\/wp-json\/wp\/v2\/product"}],"about":[{"href":"https:\/\/jafep.com\/pt-pt\/wp-json\/wp\/v2\/types\/product"}],"replies":[{"embeddable":true,"href":"https:\/\/jafep.com\/pt-pt\/wp-json\/wp\/v2\/comments?post=1596"}],"wp:featuredmedia":[{"embeddable":true,"href":"https:\/\/jafep.com\/pt-pt\/wp-json\/wp\/v2\/media\/83598"}],"wp:attachment":[{"href":"https:\/\/jafep.com\/pt-pt\/wp-json\/wp\/v2\/media?parent=1596"}],"wp:term":[{"taxonomy":"product_brand","embeddable":true,"href":"https:\/\/jafep.com\/pt-pt\/wp-json\/wp\/v2\/product_brand?post=1596"},{"taxonomy":"product_cat","embeddable":true,"href":"https:\/\/jafep.com\/pt-pt\/wp-json\/wp\/v2\/product_cat?post=1596"},{"taxonomy":"product_tag","embeddable":true,"href":"https:\/\/jafep.com\/pt-pt\/wp-json\/wp\/v2\/product_tag?post=1596"}],"curies":[{"name":"wp","href":"https:\/\/api.w.org\/{rel}","templated":true}]}}