{"id":1588,"date":"2016-02-05T08:50:08","date_gmt":"2016-02-16T15:42:40","guid":{"rendered":"https:\/\/jafep.com\/?post_type=product&#038;p=1588"},"modified":"2023-06-22T13:56:59","modified_gmt":"2023-06-22T13:56:59","slug":"tinturas-pasta-colorante","status":"publish","type":"product","link":"https:\/\/jafep.com\/pt-pt\/producto\/tinturas-pasta-colorante\/","title":{"rendered":"Tintura"},"content":{"rendered":"<p>Corante em pasta desenvolvido para tingir tintas e revestimentos base \u00e1gua, principalmente nossos revestimentos da linha Alta Decora\u00e7\u00e3o. <\/p>\n","protected":false},"excerpt":{"rendered":"<p>Corante em pasta desenvolvido para tingir tintas e revestimentos base \u00e1gua, principalmente nossos revestimentos da linha Alta Decora\u00e7\u00e3o.<\/p>\n","protected":false},"featured_media":83756,"comment_status":"closed","ping_status":"closed","template":"","meta":{"_acf_changed":false,"_links_to":"","_links_to_target":""},"product_brand":[],"product_cat":[1295,433],"product_tag":[],"class_list":{"0":"post-1588","1":"product","2":"type-product","3":"status-publish","4":"has-post-thumbnail","6":"product_cat-alta-decoracao-pt-pt","7":"product_cat-fundos-e-corantes","8":"pa_formatos-125ml-pt-pt","9":"pa_formatos-25ml-pt-pt","10":"pa_iconos-base-agua-pt-pt","12":"first","13":"instock","14":"shipping-taxable","15":"product-type-simple"},"acf":[],"_links":{"self":[{"href":"https:\/\/jafep.com\/pt-pt\/wp-json\/wp\/v2\/product\/1588","targetHints":{"allow":["GET"]}}],"collection":[{"href":"https:\/\/jafep.com\/pt-pt\/wp-json\/wp\/v2\/product"}],"about":[{"href":"https:\/\/jafep.com\/pt-pt\/wp-json\/wp\/v2\/types\/product"}],"replies":[{"embeddable":true,"href":"https:\/\/jafep.com\/pt-pt\/wp-json\/wp\/v2\/comments?post=1588"}],"wp:featuredmedia":[{"embeddable":true,"href":"https:\/\/jafep.com\/pt-pt\/wp-json\/wp\/v2\/media\/83756"}],"wp:attachment":[{"href":"https:\/\/jafep.com\/pt-pt\/wp-json\/wp\/v2\/media?parent=1588"}],"wp:term":[{"taxonomy":"product_brand","embeddable":true,"href":"https:\/\/jafep.com\/pt-pt\/wp-json\/wp\/v2\/product_brand?post=1588"},{"taxonomy":"product_cat","embeddable":true,"href":"https:\/\/jafep.com\/pt-pt\/wp-json\/wp\/v2\/product_cat?post=1588"},{"taxonomy":"product_tag","embeddable":true,"href":"https:\/\/jafep.com\/pt-pt\/wp-json\/wp\/v2\/product_tag?post=1588"}],"curies":[{"name":"wp","href":"https:\/\/api.w.org\/{rel}","templated":true}]}}