{"id":1579,"date":"2016-02-05T09:23:21","date_gmt":"2016-02-16T15:29:09","guid":{"rendered":"https:\/\/jafep.com\/?post_type=product&#038;p=1579"},"modified":"2023-06-23T10:39:48","modified_gmt":"2023-06-23T10:39:48","slug":"polimul-202-3","status":"publish","type":"product","link":"https:\/\/jafep.com\/pt-pt\/producto\/polimul-202-3\/","title":{"rendered":"Polimul 202 Emuls\u00e3o Selante Vin\u00edlica"},"content":{"rendered":"<p>L\u00e1tex l\u00edquido \u00e0 base de acetato de vinila plastificado, alto brilho e grande resist\u00eancia \u00e0s intemp\u00e9ries <\/p>\n","protected":false},"excerpt":{"rendered":"<p>L\u00e1tex l\u00edquido \u00e0 base de acetato de vinila plastificado, alto brilho e grande resist\u00eancia \u00e0s intemp\u00e9ries<\/p>\n","protected":false},"featured_media":82456,"comment_status":"closed","ping_status":"closed","template":"","meta":{"_acf_changed":false,"_links_to":"","_links_to_target":""},"product_brand":[],"product_cat":[537,1244],"product_tag":[],"class_list":{"0":"post-1579","1":"product","2":"type-product","3":"status-publish","4":"has-post-thumbnail","6":"product_cat-complementos-pt-pt-2","7":"product_cat-preparaciones-y-fondos-pt-pt","8":"pa_formatos-4l-pt-pt","9":"pa_formatos-750ml-pt-pt","10":"pa_herramientas-airless-pt-pt","11":"pa_herramientas-brocha-pt-pt","12":"pa_herramientas-pistola-pt-pt","13":"pa_herramientas-rodillo-fachadas-lana-oveja-20mm-pt-pt","14":"pa_herramientas-rodillo-fachadas-poliamida-extra-larga-de-20mm-pt-pt","15":"pa_herramientas-rodillo-fachadas-poliamida-larga-de-19mm-pt-pt","16":"pa_iconos-34-rendimiento-de-10-12-m2l-pt-pt","17":"pa_iconos-41-brocha-rodillo-pistola-pt-pt","18":"pa_iconos-46-interior-pt-pt","19":"pa_iconos-base-agua-pt-pt","20":"pa_iconos-brillante-pt-pt","22":"first","23":"instock","24":"shipping-taxable","25":"product-type-simple"},"acf":[],"_links":{"self":[{"href":"https:\/\/jafep.com\/pt-pt\/wp-json\/wp\/v2\/product\/1579","targetHints":{"allow":["GET"]}}],"collection":[{"href":"https:\/\/jafep.com\/pt-pt\/wp-json\/wp\/v2\/product"}],"about":[{"href":"https:\/\/jafep.com\/pt-pt\/wp-json\/wp\/v2\/types\/product"}],"replies":[{"embeddable":true,"href":"https:\/\/jafep.com\/pt-pt\/wp-json\/wp\/v2\/comments?post=1579"}],"wp:featuredmedia":[{"embeddable":true,"href":"https:\/\/jafep.com\/pt-pt\/wp-json\/wp\/v2\/media\/82456"}],"wp:attachment":[{"href":"https:\/\/jafep.com\/pt-pt\/wp-json\/wp\/v2\/media?parent=1579"}],"wp:term":[{"taxonomy":"product_brand","embeddable":true,"href":"https:\/\/jafep.com\/pt-pt\/wp-json\/wp\/v2\/product_brand?post=1579"},{"taxonomy":"product_cat","embeddable":true,"href":"https:\/\/jafep.com\/pt-pt\/wp-json\/wp\/v2\/product_cat?post=1579"},{"taxonomy":"product_tag","embeddable":true,"href":"https:\/\/jafep.com\/pt-pt\/wp-json\/wp\/v2\/product_tag?post=1579"}],"curies":[{"name":"wp","href":"https:\/\/api.w.org\/{rel}","templated":true}]}}