{"id":1574,"date":"2016-02-05T09:28:13","date_gmt":"2016-02-16T15:24:07","guid":{"rendered":"https:\/\/jafep.com\/?post_type=product&#038;p=1574"},"modified":"2023-06-23T12:04:06","modified_gmt":"2023-06-23T12:04:06","slug":"fondo-penetrante-fijador-al-disolvente","status":"publish","type":"product","link":"https:\/\/jafep.com\/pt-pt\/producto\/fondo-penetrante-fijador-al-disolvente\/","title":{"rendered":"Fundo Penetrante Solvente Fixador"},"content":{"rendered":"<p>Produto com excelente poder de penetra\u00e7\u00e3o e fixa\u00e7\u00e3o. Muito boa ader\u00eancia, grande resist\u00eancia \u00e0 alcalinidade e secagem r\u00e1pida. Devido ao seu conte\u00fado em resinas acr\u00edlicas modificadas, \u00e9 \u00fatil para a prote\u00e7\u00e3o de concreto e outras superf\u00edcies de constru\u00e7\u00e3o contra elementos agressivos do meio ambiente, basicamente CO2. <\/p>\n","protected":false},"excerpt":{"rendered":"<p>Produto com excelente poder de penetra\u00e7\u00e3o e fixa\u00e7\u00e3o. Muito boa ader\u00eancia, grande resist\u00eancia \u00e0 alcalinidade e secagem r\u00e1pida. Devido ao seu conte\u00fado em resinas acr\u00edlicas modificadas, \u00e9 \u00fatil para a prote\u00e7\u00e3o de concreto e outras superf\u00edcies de constru\u00e7\u00e3o contra elementos agressivos do meio ambiente, basicamente CO2.<\/p>\n","protected":false},"featured_media":82461,"comment_status":"closed","ping_status":"closed","template":"","meta":{"_acf_changed":false,"_links_to":"","_links_to_target":""},"product_brand":[],"product_cat":[537,1244],"product_tag":[],"class_list":{"0":"post-1574","1":"product","2":"type-product","3":"status-publish","4":"has-post-thumbnail","6":"product_cat-complementos-pt-pt-2","7":"product_cat-preparaciones-y-fondos-pt-pt","8":"pa_herramientas-rodillo-fachadas-lana-oveja-20mm-pt-pt","9":"pa_herramientas-rodillo-fachadas-poliamida-extra-larga-de-20mm-pt-pt","10":"pa_herramientas-rodillo-fachadas-poliamida-larga-de-19mm-pt-pt","11":"pa_herramientas-rodillo-interior-poliamida-de-11mm-pt","12":"pa_herramientas-rodillo-interior-100-microfibra-de-11mm-pt","13":"pa_iconos-2-base-solvente-pt-pt","15":"first","16":"instock","17":"shipping-taxable","18":"product-type-simple"},"acf":[],"_links":{"self":[{"href":"https:\/\/jafep.com\/pt-pt\/wp-json\/wp\/v2\/product\/1574","targetHints":{"allow":["GET"]}}],"collection":[{"href":"https:\/\/jafep.com\/pt-pt\/wp-json\/wp\/v2\/product"}],"about":[{"href":"https:\/\/jafep.com\/pt-pt\/wp-json\/wp\/v2\/types\/product"}],"replies":[{"embeddable":true,"href":"https:\/\/jafep.com\/pt-pt\/wp-json\/wp\/v2\/comments?post=1574"}],"wp:featuredmedia":[{"embeddable":true,"href":"https:\/\/jafep.com\/pt-pt\/wp-json\/wp\/v2\/media\/82461"}],"wp:attachment":[{"href":"https:\/\/jafep.com\/pt-pt\/wp-json\/wp\/v2\/media?parent=1574"}],"wp:term":[{"taxonomy":"product_brand","embeddable":true,"href":"https:\/\/jafep.com\/pt-pt\/wp-json\/wp\/v2\/product_brand?post=1574"},{"taxonomy":"product_cat","embeddable":true,"href":"https:\/\/jafep.com\/pt-pt\/wp-json\/wp\/v2\/product_cat?post=1574"},{"taxonomy":"product_tag","embeddable":true,"href":"https:\/\/jafep.com\/pt-pt\/wp-json\/wp\/v2\/product_tag?post=1574"}],"curies":[{"name":"wp","href":"https:\/\/api.w.org\/{rel}","templated":true}]}}