{"id":1569,"date":"2016-02-05T09:32:31","date_gmt":"2016-02-16T15:18:56","guid":{"rendered":"https:\/\/jafep.com\/?post_type=product&#038;p=1569"},"modified":"2023-07-13T10:45:46","modified_gmt":"2023-07-13T10:45:46","slug":"emplaste-jafep","status":"publish","type":"product","link":"https:\/\/jafep.com\/pt-pt\/producto\/emplaste-jafep\/","title":{"rendered":"Pasta Est\u00e2ndar. Massa de Enchimento em P\u00f3 Interior"},"content":{"rendered":"<p>Pasta em p\u00f3 para preencher e nivelar falhas, fissuras, buracos, etc. e para rebocar superf\u00edcies interiores de gesso, cimento, madeira, etc. Ideal para eliminar irregularidades em qualquer tipo de material antes da pintura. <\/p>\n","protected":false},"excerpt":{"rendered":"<p>Pasta em p\u00f3 para preencher e nivelar falhas, fissuras, buracos, etc. e para rebocar superf\u00edcies interiores de gesso, cimento, madeira, etc. Ideal para eliminar irregularidades em qualquer tipo de material antes da pintura.<\/p>\n","protected":false},"featured_media":82466,"comment_status":"closed","ping_status":"closed","template":"","meta":{"_acf_changed":false,"_links_to":"","_links_to_target":""},"product_brand":[],"product_cat":[540,1244],"product_tag":[],"class_list":{"0":"post-1569","1":"product","2":"type-product","3":"status-publish","4":"has-post-thumbnail","6":"product_cat-mastiques-e-emplastros","7":"product_cat-preparaciones-y-fondos-pt-pt","8":"pa_formatos-15kg-pt-pt","9":"pa_formatos-1kg-pt-pt","10":"pa_formatos-5kg-pt-pt","11":"pa_herramientas-llana-pt","13":"first","14":"instock","15":"shipping-taxable","16":"product-type-simple"},"acf":[],"_links":{"self":[{"href":"https:\/\/jafep.com\/pt-pt\/wp-json\/wp\/v2\/product\/1569","targetHints":{"allow":["GET"]}}],"collection":[{"href":"https:\/\/jafep.com\/pt-pt\/wp-json\/wp\/v2\/product"}],"about":[{"href":"https:\/\/jafep.com\/pt-pt\/wp-json\/wp\/v2\/types\/product"}],"replies":[{"embeddable":true,"href":"https:\/\/jafep.com\/pt-pt\/wp-json\/wp\/v2\/comments?post=1569"}],"wp:featuredmedia":[{"embeddable":true,"href":"https:\/\/jafep.com\/pt-pt\/wp-json\/wp\/v2\/media\/82466"}],"wp:attachment":[{"href":"https:\/\/jafep.com\/pt-pt\/wp-json\/wp\/v2\/media?parent=1569"}],"wp:term":[{"taxonomy":"product_brand","embeddable":true,"href":"https:\/\/jafep.com\/pt-pt\/wp-json\/wp\/v2\/product_brand?post=1569"},{"taxonomy":"product_cat","embeddable":true,"href":"https:\/\/jafep.com\/pt-pt\/wp-json\/wp\/v2\/product_cat?post=1569"},{"taxonomy":"product_tag","embeddable":true,"href":"https:\/\/jafep.com\/pt-pt\/wp-json\/wp\/v2\/product_tag?post=1569"}],"curies":[{"name":"wp","href":"https:\/\/api.w.org\/{rel}","templated":true}]}}