{"id":1564,"date":"2016-02-05T09:35:29","date_gmt":"2016-02-16T15:14:17","guid":{"rendered":"https:\/\/jafep.com\/?post_type=product&#038;p=1564"},"modified":"2023-07-13T10:55:44","modified_gmt":"2023-07-13T10:55:44","slug":"emplaste-renovacion-jafep","status":"publish","type":"product","link":"https:\/\/jafep.com\/pt-pt\/producto\/emplaste-renovacion-jafep\/","title":{"rendered":"Pasta de Renova\u00e7\u00e3o de Interiores"},"content":{"rendered":"<p>Pasta para alisamento interior. Cobre superf\u00edcies gotel\u00e9, esburacadas e \u00e1speras em geral. Tamb\u00e9m preenche rachaduras, buracos, arranh\u00f5es, etc. \u00c9 aplicado em todos os tipos de superf\u00edcies de constru\u00e7\u00e3o e alvenaria. <\/p>\n","protected":false},"excerpt":{"rendered":"<p>Pasta para alisamento interior. Cobre superf\u00edcies gotel\u00e9, esburacadas e \u00e1speras em geral. Tamb\u00e9m preenche rachaduras, buracos, arranh\u00f5es, etc. \u00c9 aplicado em todos os tipos de superf\u00edcies de constru\u00e7\u00e3o e alvenaria.<\/p>\n","protected":false},"featured_media":13932,"comment_status":"closed","ping_status":"closed","template":"","meta":{"_acf_changed":false,"_links_to":"","_links_to_target":""},"product_brand":[],"product_cat":[540,1244],"product_tag":[],"class_list":{"0":"post-1564","1":"product","2":"type-product","3":"status-publish","4":"has-post-thumbnail","6":"product_cat-mastiques-e-emplastros","7":"product_cat-preparaciones-y-fondos-pt-pt","8":"pa_formatos-15kg-pt-pt","9":"pa_formatos-5kg-pt-pt","10":"pa_herramientas-llana-pt","12":"first","13":"instock","14":"shipping-taxable","15":"product-type-simple"},"acf":[],"_links":{"self":[{"href":"https:\/\/jafep.com\/pt-pt\/wp-json\/wp\/v2\/product\/1564","targetHints":{"allow":["GET"]}}],"collection":[{"href":"https:\/\/jafep.com\/pt-pt\/wp-json\/wp\/v2\/product"}],"about":[{"href":"https:\/\/jafep.com\/pt-pt\/wp-json\/wp\/v2\/types\/product"}],"replies":[{"embeddable":true,"href":"https:\/\/jafep.com\/pt-pt\/wp-json\/wp\/v2\/comments?post=1564"}],"wp:featuredmedia":[{"embeddable":true,"href":"https:\/\/jafep.com\/pt-pt\/wp-json\/wp\/v2\/media\/13932"}],"wp:attachment":[{"href":"https:\/\/jafep.com\/pt-pt\/wp-json\/wp\/v2\/media?parent=1564"}],"wp:term":[{"taxonomy":"product_brand","embeddable":true,"href":"https:\/\/jafep.com\/pt-pt\/wp-json\/wp\/v2\/product_brand?post=1564"},{"taxonomy":"product_cat","embeddable":true,"href":"https:\/\/jafep.com\/pt-pt\/wp-json\/wp\/v2\/product_cat?post=1564"},{"taxonomy":"product_tag","embeddable":true,"href":"https:\/\/jafep.com\/pt-pt\/wp-json\/wp\/v2\/product_tag?post=1564"}],"curies":[{"name":"wp","href":"https:\/\/api.w.org\/{rel}","templated":true}]}}