{"id":1555,"date":"2016-02-05T10:38:49","date_gmt":"2016-02-16T15:04:47","guid":{"rendered":"https:\/\/jafep.com\/?post_type=product&#038;p=1555"},"modified":"2023-07-05T09:29:12","modified_gmt":"2023-07-05T09:29:12","slug":"masilla-plastica-exterior-interior-2","status":"publish","type":"product","link":"https:\/\/jafep.com\/pt-pt\/producto\/masilla-plastica-exterior-interior-2\/","title":{"rendered":"Massa Pl\u00e1stica Exterior-Interior"},"content":{"rendered":"<p>Massa pl\u00e1stica pronta para uso. F\u00e1cil de aplicar e muito f\u00e1cil de lixar. Acabamento perfeito, \u00f3tima ader\u00eancia e secagem r\u00e1pida. <\/p>\n","protected":false},"excerpt":{"rendered":"<p>Massa pl\u00e1stica pronta para uso. F\u00e1cil de aplicar e muito f\u00e1cil de lixar. Acabamento perfeito, \u00f3tima ader\u00eancia e secagem r\u00e1pida.<\/p>\n","protected":false},"featured_media":82491,"comment_status":"closed","ping_status":"closed","template":"","meta":{"_acf_changed":false,"_links_to":"","_links_to_target":""},"product_brand":[],"product_cat":[540,1244],"product_tag":[],"class_list":{"0":"post-1555","1":"product","2":"type-product","3":"status-publish","4":"has-post-thumbnail","6":"product_cat-mastiques-e-emplastros","7":"product_cat-preparaciones-y-fondos-pt-pt","8":"pa_formatos-250ml-pt-pt","9":"pa_formatos-25kg","10":"pa_formatos-5kg-pt-pt","11":"pa_formatos-750ml-pt-pt","12":"pa_herramientas-llana-pt","14":"first","15":"instock","16":"shipping-taxable","17":"product-type-simple"},"acf":[],"_links":{"self":[{"href":"https:\/\/jafep.com\/pt-pt\/wp-json\/wp\/v2\/product\/1555","targetHints":{"allow":["GET"]}}],"collection":[{"href":"https:\/\/jafep.com\/pt-pt\/wp-json\/wp\/v2\/product"}],"about":[{"href":"https:\/\/jafep.com\/pt-pt\/wp-json\/wp\/v2\/types\/product"}],"replies":[{"embeddable":true,"href":"https:\/\/jafep.com\/pt-pt\/wp-json\/wp\/v2\/comments?post=1555"}],"wp:featuredmedia":[{"embeddable":true,"href":"https:\/\/jafep.com\/pt-pt\/wp-json\/wp\/v2\/media\/82491"}],"wp:attachment":[{"href":"https:\/\/jafep.com\/pt-pt\/wp-json\/wp\/v2\/media?parent=1555"}],"wp:term":[{"taxonomy":"product_brand","embeddable":true,"href":"https:\/\/jafep.com\/pt-pt\/wp-json\/wp\/v2\/product_brand?post=1555"},{"taxonomy":"product_cat","embeddable":true,"href":"https:\/\/jafep.com\/pt-pt\/wp-json\/wp\/v2\/product_cat?post=1555"},{"taxonomy":"product_tag","embeddable":true,"href":"https:\/\/jafep.com\/pt-pt\/wp-json\/wp\/v2\/product_tag?post=1555"}],"curies":[{"name":"wp","href":"https:\/\/api.w.org\/{rel}","templated":true}]}}