{"id":1523,"date":"2016-02-05T11:23:41","date_gmt":"2016-02-16T09:17:12","guid":{"rendered":"https:\/\/jafep.com\/?post_type=product&#038;p=1523"},"modified":"2023-08-21T10:53:49","modified_gmt":"2023-08-21T10:53:49","slug":"disolvente-clorocaucho","status":"publish","type":"product","link":"https:\/\/jafep.com\/pt-pt\/producto\/disolvente-clorocaucho\/","title":{"rendered":"Solvente Borracha Clorada Acr\u00edlico"},"content":{"rendered":"<p>Solvente \u00e0 base de hidrocarbonetos arom\u00e1ticos, confere r\u00e1pida evapora\u00e7\u00e3o ao produto, boa ancoragem sem retirar o substrato e n\u00e3o prejudica as propriedades do produto final se adicionado nas propor\u00e7\u00f5es prescritas. <\/p>\n","protected":false},"excerpt":{"rendered":"<p>Solvente \u00e0 base de hidrocarbonetos arom\u00e1ticos, confere r\u00e1pida evapora\u00e7\u00e3o ao produto, boa ancoragem sem retirar o substrato e n\u00e3o prejudica as propriedades do produto final se adicionado nas propor\u00e7\u00f5es prescritas.<\/p>\n","protected":false},"featured_media":82541,"comment_status":"closed","ping_status":"closed","template":"","meta":{"_acf_changed":false,"_links_to":"","_links_to_target":""},"product_brand":[],"product_cat":[1307,1470],"product_tag":[],"class_list":{"0":"post-1523","1":"product","2":"type-product","3":"status-publish","4":"has-post-thumbnail","6":"product_cat-diluentes-pt-pt","7":"product_cat-diluentes-pt-pt-2","8":"pa_formatos-1l-pt-pt","9":"pa_formatos-25l-pt-pt","10":"pa_formatos-5l-pt-pt","11":"pa_iconos-2-base-solvente-pt-pt","13":"first","14":"instock","15":"shipping-taxable","16":"product-type-simple"},"acf":[],"_links":{"self":[{"href":"https:\/\/jafep.com\/pt-pt\/wp-json\/wp\/v2\/product\/1523","targetHints":{"allow":["GET"]}}],"collection":[{"href":"https:\/\/jafep.com\/pt-pt\/wp-json\/wp\/v2\/product"}],"about":[{"href":"https:\/\/jafep.com\/pt-pt\/wp-json\/wp\/v2\/types\/product"}],"replies":[{"embeddable":true,"href":"https:\/\/jafep.com\/pt-pt\/wp-json\/wp\/v2\/comments?post=1523"}],"wp:featuredmedia":[{"embeddable":true,"href":"https:\/\/jafep.com\/pt-pt\/wp-json\/wp\/v2\/media\/82541"}],"wp:attachment":[{"href":"https:\/\/jafep.com\/pt-pt\/wp-json\/wp\/v2\/media?parent=1523"}],"wp:term":[{"taxonomy":"product_brand","embeddable":true,"href":"https:\/\/jafep.com\/pt-pt\/wp-json\/wp\/v2\/product_brand?post=1523"},{"taxonomy":"product_cat","embeddable":true,"href":"https:\/\/jafep.com\/pt-pt\/wp-json\/wp\/v2\/product_cat?post=1523"},{"taxonomy":"product_tag","embeddable":true,"href":"https:\/\/jafep.com\/pt-pt\/wp-json\/wp\/v2\/product_tag?post=1523"}],"curies":[{"name":"wp","href":"https:\/\/api.w.org\/{rel}","templated":true}]}}