{"id":1511,"date":"2016-02-05T11:32:17","date_gmt":"2016-02-16T08:52:52","guid":{"rendered":"https:\/\/jafep.com\/?post_type=product&#038;p=1511"},"modified":"2023-07-06T09:40:38","modified_gmt":"2023-07-06T09:40:38","slug":"aguarras-simil-jafesol","status":"publish","type":"product","link":"https:\/\/jafep.com\/pt-pt\/producto\/aguarras-simil-jafesol\/","title":{"rendered":"Ess\u00eancia Terebintina"},"content":{"rendered":"<p>L\u00edquido incolor ou levemente amarelado com odor caracter\u00edstico, insol\u00favel em \u00e1gua. Composto basicamente por hidrocarbonetos alif\u00e1ticos, \u00e9 um bom solvente para graxas, \u00f3leos, resinas e esmaltes sint\u00e9ticos decorativos. <\/p>\n","protected":false},"excerpt":{"rendered":"<p>L\u00edquido incolor ou levemente amarelado com odor caracter\u00edstico, insol\u00favel em \u00e1gua. Composto basicamente por hidrocarbonetos alif\u00e1ticos, \u00e9 um bom solvente para graxas, \u00f3leos, resinas e esmaltes sint\u00e9ticos decorativos.<\/p>\n","protected":false},"featured_media":82556,"comment_status":"closed","ping_status":"closed","template":"","meta":{"_acf_changed":false,"_links_to":"","_links_to_target":""},"product_brand":[],"product_cat":[1307,1470],"product_tag":[],"class_list":{"0":"post-1511","1":"product","2":"type-product","3":"status-publish","4":"has-post-thumbnail","6":"product_cat-diluentes-pt-pt","7":"product_cat-diluentes-pt-pt-2","8":"pa_formatos-1l-pt-pt","9":"pa_formatos-500ml-pt-pt","10":"pa_formatos-5l-pt-pt","11":"pa_iconos-2-base-solvente-pt-pt","13":"first","14":"instock","15":"shipping-taxable","16":"product-type-simple"},"acf":[],"_links":{"self":[{"href":"https:\/\/jafep.com\/pt-pt\/wp-json\/wp\/v2\/product\/1511","targetHints":{"allow":["GET"]}}],"collection":[{"href":"https:\/\/jafep.com\/pt-pt\/wp-json\/wp\/v2\/product"}],"about":[{"href":"https:\/\/jafep.com\/pt-pt\/wp-json\/wp\/v2\/types\/product"}],"replies":[{"embeddable":true,"href":"https:\/\/jafep.com\/pt-pt\/wp-json\/wp\/v2\/comments?post=1511"}],"wp:featuredmedia":[{"embeddable":true,"href":"https:\/\/jafep.com\/pt-pt\/wp-json\/wp\/v2\/media\/82556"}],"wp:attachment":[{"href":"https:\/\/jafep.com\/pt-pt\/wp-json\/wp\/v2\/media?parent=1511"}],"wp:term":[{"taxonomy":"product_brand","embeddable":true,"href":"https:\/\/jafep.com\/pt-pt\/wp-json\/wp\/v2\/product_brand?post=1511"},{"taxonomy":"product_cat","embeddable":true,"href":"https:\/\/jafep.com\/pt-pt\/wp-json\/wp\/v2\/product_cat?post=1511"},{"taxonomy":"product_tag","embeddable":true,"href":"https:\/\/jafep.com\/pt-pt\/wp-json\/wp\/v2\/product_tag?post=1511"}],"curies":[{"name":"wp","href":"https:\/\/api.w.org\/{rel}","templated":true}]}}