{"id":1508,"date":"2016-02-05T11:39:01","date_gmt":"2016-02-16T08:49:34","guid":{"rendered":"https:\/\/jafep.com\/?post_type=product&#038;p=1508"},"modified":"2023-07-06T09:54:24","modified_gmt":"2023-07-06T09:54:24","slug":"aguarras-simil-al-limon-jafesol","status":"publish","type":"product","link":"https:\/\/jafep.com\/pt-pt\/producto\/aguarras-simil-al-limon-jafesol\/","title":{"rendered":"Ess\u00eancia Terebintina com Lim\u00e3o"},"content":{"rendered":"<p>L\u00edquido incolor ou ligeiramente amarelado, com agrad\u00e1vel odor a lim\u00e3o para melhorar as condi\u00e7\u00f5es de utiliza\u00e7\u00e3o, insol\u00favel em \u00e1gua. Basicamente composto por hidrocarbonetos alif\u00e1ticos desodorizados. \u00c9 um bom solvente para graxas, \u00f3leos, resinas e esmaltes sint\u00e9ticos decorativos. <\/p>\n","protected":false},"excerpt":{"rendered":"<p>L\u00edquido incolor ou ligeiramente amarelado, com agrad\u00e1vel odor a lim\u00e3o para melhorar as condi\u00e7\u00f5es de utiliza\u00e7\u00e3o, insol\u00favel em \u00e1gua. Basicamente composto por hidrocarbonetos alif\u00e1ticos desodorizados. \u00c9 um bom solvente para graxas, \u00f3leos, resinas e esmaltes sint\u00e9ticos decorativos.<\/p>\n","protected":false},"featured_media":82561,"comment_status":"closed","ping_status":"closed","template":"","meta":{"_acf_changed":false,"_links_to":"","_links_to_target":""},"product_brand":[],"product_cat":[1307],"product_tag":[],"class_list":{"0":"post-1508","1":"product","2":"type-product","3":"status-publish","4":"has-post-thumbnail","6":"product_cat-diluentes-pt-pt","7":"pa_formatos-1l-pt-pt","8":"pa_formatos-500ml-pt-pt","9":"pa_formatos-5l-pt-pt","10":"pa_iconos-2-base-solvente-pt-pt","12":"first","13":"instock","14":"shipping-taxable","15":"product-type-simple"},"acf":[],"_links":{"self":[{"href":"https:\/\/jafep.com\/pt-pt\/wp-json\/wp\/v2\/product\/1508","targetHints":{"allow":["GET"]}}],"collection":[{"href":"https:\/\/jafep.com\/pt-pt\/wp-json\/wp\/v2\/product"}],"about":[{"href":"https:\/\/jafep.com\/pt-pt\/wp-json\/wp\/v2\/types\/product"}],"replies":[{"embeddable":true,"href":"https:\/\/jafep.com\/pt-pt\/wp-json\/wp\/v2\/comments?post=1508"}],"wp:featuredmedia":[{"embeddable":true,"href":"https:\/\/jafep.com\/pt-pt\/wp-json\/wp\/v2\/media\/82561"}],"wp:attachment":[{"href":"https:\/\/jafep.com\/pt-pt\/wp-json\/wp\/v2\/media?parent=1508"}],"wp:term":[{"taxonomy":"product_brand","embeddable":true,"href":"https:\/\/jafep.com\/pt-pt\/wp-json\/wp\/v2\/product_brand?post=1508"},{"taxonomy":"product_cat","embeddable":true,"href":"https:\/\/jafep.com\/pt-pt\/wp-json\/wp\/v2\/product_cat?post=1508"},{"taxonomy":"product_tag","embeddable":true,"href":"https:\/\/jafep.com\/pt-pt\/wp-json\/wp\/v2\/product_tag?post=1508"}],"curies":[{"name":"wp","href":"https:\/\/api.w.org\/{rel}","templated":true}]}}