{"id":1505,"date":"2016-02-05T11:41:29","date_gmt":"2016-02-16T08:43:55","guid":{"rendered":"https:\/\/jafep.com\/?post_type=product&#038;p=1505"},"modified":"2023-07-06T10:02:21","modified_gmt":"2023-07-06T10:02:21","slug":"acetona-jafesol","status":"publish","type":"product","link":"https:\/\/jafep.com\/pt-pt\/producto\/acetona-jafesol\/","title":{"rendered":"Acetona"},"content":{"rendered":"<p>Solvente forte para limpeza de ferramentas de trabalho, na maioria das tintas \u00e0 base de solvente. For\u00e7a solvente adequada, para produzir limpeza r\u00e1pida. Evapora\u00e7\u00e3o muito r\u00e1pida. <\/p>\n","protected":false},"excerpt":{"rendered":"<p>Solvente forte para limpeza de ferramentas de trabalho, na maioria das tintas \u00e0 base de solvente. For\u00e7a solvente adequada, para produzir limpeza r\u00e1pida. Evapora\u00e7\u00e3o muito r\u00e1pida.<\/p>\n","protected":false},"featured_media":13763,"comment_status":"closed","ping_status":"closed","template":"","meta":{"_acf_changed":false,"_links_to":"","_links_to_target":""},"product_brand":[],"product_cat":[1307],"product_tag":[],"class_list":{"0":"post-1505","1":"product","2":"type-product","3":"status-publish","4":"has-post-thumbnail","6":"product_cat-diluentes-pt-pt","7":"pa_formatos-1l-pt-pt","8":"pa_formatos-25l-pt-pt","9":"pa_formatos-5l-pt-pt","10":"pa_iconos-2-base-solvente-pt-pt","12":"first","13":"instock","14":"shipping-taxable","15":"product-type-simple"},"acf":[],"_links":{"self":[{"href":"https:\/\/jafep.com\/pt-pt\/wp-json\/wp\/v2\/product\/1505","targetHints":{"allow":["GET"]}}],"collection":[{"href":"https:\/\/jafep.com\/pt-pt\/wp-json\/wp\/v2\/product"}],"about":[{"href":"https:\/\/jafep.com\/pt-pt\/wp-json\/wp\/v2\/types\/product"}],"replies":[{"embeddable":true,"href":"https:\/\/jafep.com\/pt-pt\/wp-json\/wp\/v2\/comments?post=1505"}],"wp:featuredmedia":[{"embeddable":true,"href":"https:\/\/jafep.com\/pt-pt\/wp-json\/"}],"wp:attachment":[{"href":"https:\/\/jafep.com\/pt-pt\/wp-json\/wp\/v2\/media?parent=1505"}],"wp:term":[{"taxonomy":"product_brand","embeddable":true,"href":"https:\/\/jafep.com\/pt-pt\/wp-json\/wp\/v2\/product_brand?post=1505"},{"taxonomy":"product_cat","embeddable":true,"href":"https:\/\/jafep.com\/pt-pt\/wp-json\/wp\/v2\/product_cat?post=1505"},{"taxonomy":"product_tag","embeddable":true,"href":"https:\/\/jafep.com\/pt-pt\/wp-json\/wp\/v2\/product_tag?post=1505"}],"curies":[{"name":"wp","href":"https:\/\/api.w.org\/{rel}","templated":true}]}}