{"id":1503,"date":"2016-02-05T11:48:40","date_gmt":"2016-02-16T08:38:13","guid":{"rendered":"https:\/\/jafep.com\/?post_type=product&#038;p=1503"},"modified":"2023-05-08T11:58:19","modified_gmt":"2023-05-08T11:58:19","slug":"tinta-de-pavimentos","status":"publish","type":"product","link":"https:\/\/jafep.com\/pt-pt\/producto\/tinta-de-pavimentos\/","title":{"rendered":"Tinta Acr\u00edlica Solvente para Pavimentos"},"content":{"rendered":"<p>Tinta especial para pisos, \u00e0 base de resinas acr\u00edlicas termopl\u00e1sticas em fase solvente, monocomponente e acabamento acetinado. <\/p>\n","protected":false},"excerpt":{"rendered":"<p>Tinta especial para pisos, \u00e0 base de resinas acr\u00edlicas termopl\u00e1sticas em fase solvente, monocomponente e acabamento acetinado.<\/p>\n","protected":false},"featured_media":82571,"comment_status":"closed","ping_status":"closed","template":"","meta":{"_acf_changed":false,"_links_to":"","_links_to_target":""},"product_brand":[],"product_cat":[1412,1406,549,1398],"product_tag":[],"class_list":{"0":"post-1503","1":"product","2":"type-product","3":"status-publish","4":"has-post-thumbnail","6":"product_cat-pisos-pavimentos-e-sinaletica-pt-pt","7":"product_cat-pisos-pavimentos-e-sinaletica","8":"product_cat-sistema-tintometrico-industrial-dual","9":"product_cat-sistemas-tintometricos-pt-pt-2","10":"pa_formatos-15l-pt-pt","11":"pa_formatos-4l-pt-pt","12":"pa_herramientas-airless-pt-pt","13":"pa_herramientas-brocha-pt-pt","14":"pa_herramientas-pistola-pt-pt","15":"pa_herramientas-rodillo-suelos-100-poliamida-texturada-13mm-pt-pt","16":"pa_iconos-2-base-solvente-pt-pt","17":"pa_iconos-45-exterior-interior-pt-pt","18":"pa_iconos-cartacolores","19":"pa_iconos-mate-pt-pt","20":"pa_iconos-rendimiento-7-9-m2l-pt-pt","22":"first","23":"instock","24":"shipping-taxable","25":"product-type-simple"},"acf":[],"_links":{"self":[{"href":"https:\/\/jafep.com\/pt-pt\/wp-json\/wp\/v2\/product\/1503","targetHints":{"allow":["GET"]}}],"collection":[{"href":"https:\/\/jafep.com\/pt-pt\/wp-json\/wp\/v2\/product"}],"about":[{"href":"https:\/\/jafep.com\/pt-pt\/wp-json\/wp\/v2\/types\/product"}],"replies":[{"embeddable":true,"href":"https:\/\/jafep.com\/pt-pt\/wp-json\/wp\/v2\/comments?post=1503"}],"wp:featuredmedia":[{"embeddable":true,"href":"https:\/\/jafep.com\/pt-pt\/wp-json\/wp\/v2\/media\/82571"}],"wp:attachment":[{"href":"https:\/\/jafep.com\/pt-pt\/wp-json\/wp\/v2\/media?parent=1503"}],"wp:term":[{"taxonomy":"product_brand","embeddable":true,"href":"https:\/\/jafep.com\/pt-pt\/wp-json\/wp\/v2\/product_brand?post=1503"},{"taxonomy":"product_cat","embeddable":true,"href":"https:\/\/jafep.com\/pt-pt\/wp-json\/wp\/v2\/product_cat?post=1503"},{"taxonomy":"product_tag","embeddable":true,"href":"https:\/\/jafep.com\/pt-pt\/wp-json\/wp\/v2\/product_tag?post=1503"}],"curies":[{"name":"wp","href":"https:\/\/api.w.org\/{rel}","templated":true}]}}