{"id":1494,"date":"2016-02-05T11:52:00","date_gmt":"2016-02-16T08:18:09","guid":{"rendered":"https:\/\/jafep.com\/?post_type=product&#038;p=1494"},"modified":"2023-06-21T10:40:02","modified_gmt":"2023-06-21T10:40:02","slug":"pintura-de-senalizacion","status":"publish","type":"product","link":"https:\/\/jafep.com\/pt-pt\/producto\/pintura-de-senalizacion\/","title":{"rendered":"Tinta de Sinaliza\u00e7\u00e3o Rodovi\u00e1ria"},"content":{"rendered":"<p>Tinta acr\u00edlica diluente com acabamento mate, especialmente desenvolvida para a pintura de marcas rodovi\u00e1rias, com elevada resist\u00eancia ao desgaste, secagem muito r\u00e1pida e transit\u00e1vel em poucas horas. <\/p>\n","protected":false},"excerpt":{"rendered":"<p>Tinta acr\u00edlica diluente com acabamento mate, especialmente desenvolvida para a pintura de marcas rodovi\u00e1rias, com elevada resist\u00eancia ao desgaste, secagem muito r\u00e1pida e transit\u00e1vel em poucas horas.<\/p>\n","protected":false},"featured_media":82576,"comment_status":"closed","ping_status":"closed","template":"","meta":{"_acf_changed":false,"_links_to":"","_links_to_target":""},"product_brand":[],"product_cat":[1406,1412],"product_tag":[],"class_list":{"0":"post-1494","1":"product","2":"type-product","3":"status-publish","4":"has-post-thumbnail","6":"product_cat-pisos-pavimentos-e-sinaletica","7":"product_cat-pisos-pavimentos-e-sinaletica-pt-pt","8":"pa_formatos-15l-pt-pt","9":"pa_formatos-4l-pt-pt","10":"pa_formatos-750ml-pt-pt","11":"pa_herramientas-airless-pt-pt","12":"pa_herramientas-brocha-esmalte-barniz-acrilico-microfibra-pt-pt","13":"pa_herramientas-pistola-pt-pt","14":"pa_herramientas-rodillo-esmalte-barniz-sintetico-y-acrilico-100-espuma-densidad-60-pt-pt","15":"pa_herramientas-rodillo-esmalte-barniz-acrilico-microfibra-8-mm-pt-pt","16":"pa_iconos-2-base-solvente-pt-pt","17":"pa_iconos-45-exterior-interior-pt-pt","18":"pa_iconos-51-mate-60o-pt-pt","19":"pa_iconos-cartacolores","20":"pa_iconos-mate-pt-pt","21":"pa_iconos-rendimiento-7-9-m2l-pt-pt","23":"first","24":"instock","25":"shipping-taxable","26":"product-type-simple"},"acf":[],"_links":{"self":[{"href":"https:\/\/jafep.com\/pt-pt\/wp-json\/wp\/v2\/product\/1494","targetHints":{"allow":["GET"]}}],"collection":[{"href":"https:\/\/jafep.com\/pt-pt\/wp-json\/wp\/v2\/product"}],"about":[{"href":"https:\/\/jafep.com\/pt-pt\/wp-json\/wp\/v2\/types\/product"}],"replies":[{"embeddable":true,"href":"https:\/\/jafep.com\/pt-pt\/wp-json\/wp\/v2\/comments?post=1494"}],"wp:featuredmedia":[{"embeddable":true,"href":"https:\/\/jafep.com\/pt-pt\/wp-json\/wp\/v2\/media\/82576"}],"wp:attachment":[{"href":"https:\/\/jafep.com\/pt-pt\/wp-json\/wp\/v2\/media?parent=1494"}],"wp:term":[{"taxonomy":"product_brand","embeddable":true,"href":"https:\/\/jafep.com\/pt-pt\/wp-json\/wp\/v2\/product_brand?post=1494"},{"taxonomy":"product_cat","embeddable":true,"href":"https:\/\/jafep.com\/pt-pt\/wp-json\/wp\/v2\/product_cat?post=1494"},{"taxonomy":"product_tag","embeddable":true,"href":"https:\/\/jafep.com\/pt-pt\/wp-json\/wp\/v2\/product_tag?post=1494"}],"curies":[{"name":"wp","href":"https:\/\/api.w.org\/{rel}","templated":true}]}}