{"id":1484,"date":"2016-02-05T12:35:08","date_gmt":"2016-02-16T07:55:46","guid":{"rendered":"https:\/\/jafep.com\/?post_type=product&#038;p=1484"},"modified":"2023-09-18T08:56:57","modified_gmt":"2023-09-18T08:56:57","slug":"pasta-al-temple-2","status":"publish","type":"product","link":"https:\/\/jafep.com\/pt-pt\/producto\/pasta-al-temple-2\/","title":{"rendered":"Pasta de T\u00eampera Picado"},"content":{"rendered":"<p>Tintas de t\u00eampera elaboradas com diversos tipos de carbonatos e sulfatos de c\u00e1lcio de granulometria muito fina e de extraordin\u00e1ria brancura, unidas com diversas colas, conferem ao filme seco grande poder de fixa\u00e7\u00e3o, dureza e resist\u00eancia \u00e0 fric\u00e7\u00e3o a seco. <\/p>\n","protected":false},"excerpt":{"rendered":"<p>Tintas de t\u00eampera elaboradas com diversos tipos de carbonatos e sulfatos de c\u00e1lcio de granulometria muito fina e de extraordin\u00e1ria brancura, unidas com diversas colas, conferem ao filme seco grande poder de fixa\u00e7\u00e3o, dureza e resist\u00eancia \u00e0 fric\u00e7\u00e3o a seco.<\/p>\n","protected":false},"featured_media":82611,"comment_status":"closed","ping_status":"closed","template":"","meta":{"_acf_changed":false,"_links_to":"","_links_to_target":""},"product_brand":[],"product_cat":[27],"product_tag":[],"class_list":{"0":"post-1484","1":"product","2":"type-product","3":"status-publish","4":"has-post-thumbnail","6":"product_cat-esmaltes-imprimaciones-y-selladoras","7":"pa_formatos-25kg","8":"pa_herramientas-rodillo-interior-poliamida-de-11mm-pt","9":"pa_herramientas-rodillo-interior-100-microfibra-de-11mm-pt","11":"first","12":"instock","13":"shipping-taxable","14":"product-type-simple"},"acf":[],"_links":{"self":[{"href":"https:\/\/jafep.com\/pt-pt\/wp-json\/wp\/v2\/product\/1484","targetHints":{"allow":["GET"]}}],"collection":[{"href":"https:\/\/jafep.com\/pt-pt\/wp-json\/wp\/v2\/product"}],"about":[{"href":"https:\/\/jafep.com\/pt-pt\/wp-json\/wp\/v2\/types\/product"}],"replies":[{"embeddable":true,"href":"https:\/\/jafep.com\/pt-pt\/wp-json\/wp\/v2\/comments?post=1484"}],"wp:featuredmedia":[{"embeddable":true,"href":"https:\/\/jafep.com\/pt-pt\/wp-json\/wp\/v2\/media\/82611"}],"wp:attachment":[{"href":"https:\/\/jafep.com\/pt-pt\/wp-json\/wp\/v2\/media?parent=1484"}],"wp:term":[{"taxonomy":"product_brand","embeddable":true,"href":"https:\/\/jafep.com\/pt-pt\/wp-json\/wp\/v2\/product_brand?post=1484"},{"taxonomy":"product_cat","embeddable":true,"href":"https:\/\/jafep.com\/pt-pt\/wp-json\/wp\/v2\/product_cat?post=1484"},{"taxonomy":"product_tag","embeddable":true,"href":"https:\/\/jafep.com\/pt-pt\/wp-json\/wp\/v2\/product_tag?post=1484"}],"curies":[{"name":"wp","href":"https:\/\/api.w.org\/{rel}","templated":true}]}}