{"id":1475,"date":"2016-02-05T12:48:26","date_gmt":"2016-02-05T12:48:26","guid":{"rendered":"https:\/\/jafep.com\/?post_type=product&#038;p=1475"},"modified":"2023-09-18T09:17:10","modified_gmt":"2023-09-18T09:17:10","slug":"pastasil-2","status":"publish","type":"product","link":"https:\/\/jafep.com\/pt-pt\/producto\/pastasil-2\/","title":{"rendered":"Pastasil. Siliconada exteriores"},"content":{"rendered":"<p>Pasta de t\u00eampera lisa \u00e0 base de resinas de silicone e acr\u00edlicas, o que lhe confere grande impermeabilidade e rejei\u00e7\u00e3o \u00e0 \u00e1gua. Alta resist\u00eancia \u00e0s intemp\u00e9ries. <\/p>\n","protected":false},"excerpt":{"rendered":"<p>Pasta de t\u00eampera lisa \u00e0 base de resinas de silicone e acr\u00edlicas, o que lhe confere grande impermeabilidade e rejei\u00e7\u00e3o \u00e0 \u00e1gua. Alta resist\u00eancia \u00e0s intemp\u00e9ries.<\/p>\n","protected":false},"featured_media":82626,"comment_status":"closed","ping_status":"closed","template":"","meta":{"_acf_changed":false,"_links_to":"","_links_to_target":""},"product_brand":[],"product_cat":[1323],"product_tag":[],"class_list":{"0":"post-1475","1":"product","2":"type-product","3":"status-publish","4":"has-post-thumbnail","6":"product_cat-pastas-tempera","7":"pa_formatos-25kg","8":"pa_herramientas-rodillo-fachadas-lana-oveja-20mm-pt-pt","9":"pa_herramientas-rodillo-fachadas-poliamida-extra-larga-de-20mm-pt-pt","10":"pa_herramientas-rodillo-fachadas-poliamida-larga-de-19mm-pt-pt","12":"first","13":"instock","14":"shipping-taxable","15":"product-type-simple"},"acf":[],"_links":{"self":[{"href":"https:\/\/jafep.com\/pt-pt\/wp-json\/wp\/v2\/product\/1475","targetHints":{"allow":["GET"]}}],"collection":[{"href":"https:\/\/jafep.com\/pt-pt\/wp-json\/wp\/v2\/product"}],"about":[{"href":"https:\/\/jafep.com\/pt-pt\/wp-json\/wp\/v2\/types\/product"}],"replies":[{"embeddable":true,"href":"https:\/\/jafep.com\/pt-pt\/wp-json\/wp\/v2\/comments?post=1475"}],"wp:featuredmedia":[{"embeddable":true,"href":"https:\/\/jafep.com\/pt-pt\/wp-json\/wp\/v2\/media\/82626"}],"wp:attachment":[{"href":"https:\/\/jafep.com\/pt-pt\/wp-json\/wp\/v2\/media?parent=1475"}],"wp:term":[{"taxonomy":"product_brand","embeddable":true,"href":"https:\/\/jafep.com\/pt-pt\/wp-json\/wp\/v2\/product_brand?post=1475"},{"taxonomy":"product_cat","embeddable":true,"href":"https:\/\/jafep.com\/pt-pt\/wp-json\/wp\/v2\/product_cat?post=1475"},{"taxonomy":"product_tag","embeddable":true,"href":"https:\/\/jafep.com\/pt-pt\/wp-json\/wp\/v2\/product_tag?post=1475"}],"curies":[{"name":"wp","href":"https:\/\/api.w.org\/{rel}","templated":true}]}}