{"id":1470,"date":"2016-02-05T12:53:00","date_gmt":"2016-02-16T07:32:29","guid":{"rendered":"https:\/\/jafep.com\/?post_type=product&#038;p=1470"},"modified":"2023-04-04T07:22:38","modified_gmt":"2023-04-04T07:22:38","slug":"colorante-liquido-concentrado-ao-agua","status":"publish","type":"product","link":"https:\/\/jafep.com\/pt-pt\/producto\/colorante-liquido-concentrado-ao-agua\/","title":{"rendered":"Corantes Aquosos"},"content":{"rendered":"<p>Corantes concentrados, compat\u00edveis com a maioria das tintas aquosas para obter tons past\u00e9is ou intermedi\u00e1rios completamente s\u00f3lidos. O interior e o exterior (preto, castanho e ocre) s\u00e3o o interior ou o resto das cores. <\/p>\n","protected":false},"excerpt":{"rendered":"<p>Corantes Aquosos Concentrados <\/p>\n","protected":false},"featured_media":82631,"comment_status":"closed","ping_status":"closed","template":"","meta":{"_acf_changed":false,"_links_to":"","_links_to_target":""},"product_brand":[],"product_cat":[1300],"product_tag":[],"class_list":{"0":"post-1470","1":"product","2":"type-product","3":"status-publish","4":"has-post-thumbnail","6":"product_cat-corantes-pt-pt","7":"pa_formatos-1l-pt-pt","8":"pa_formatos-250ml-pt-pt","9":"pa_formatos-60ml-pt-pt","10":"pa_iconos-base-agua-pt-pt","12":"first","13":"instock","14":"shipping-taxable","15":"product-type-simple"},"acf":[],"_links":{"self":[{"href":"https:\/\/jafep.com\/pt-pt\/wp-json\/wp\/v2\/product\/1470","targetHints":{"allow":["GET"]}}],"collection":[{"href":"https:\/\/jafep.com\/pt-pt\/wp-json\/wp\/v2\/product"}],"about":[{"href":"https:\/\/jafep.com\/pt-pt\/wp-json\/wp\/v2\/types\/product"}],"replies":[{"embeddable":true,"href":"https:\/\/jafep.com\/pt-pt\/wp-json\/wp\/v2\/comments?post=1470"}],"wp:featuredmedia":[{"embeddable":true,"href":"https:\/\/jafep.com\/pt-pt\/wp-json\/wp\/v2\/media\/82631"}],"wp:attachment":[{"href":"https:\/\/jafep.com\/pt-pt\/wp-json\/wp\/v2\/media?parent=1470"}],"wp:term":[{"taxonomy":"product_brand","embeddable":true,"href":"https:\/\/jafep.com\/pt-pt\/wp-json\/wp\/v2\/product_brand?post=1470"},{"taxonomy":"product_cat","embeddable":true,"href":"https:\/\/jafep.com\/pt-pt\/wp-json\/wp\/v2\/product_cat?post=1470"},{"taxonomy":"product_tag","embeddable":true,"href":"https:\/\/jafep.com\/pt-pt\/wp-json\/wp\/v2\/product_tag?post=1470"}],"curies":[{"name":"wp","href":"https:\/\/api.w.org\/{rel}","templated":true}]}}