{"id":1466,"date":"2016-02-05T14:38:41","date_gmt":"2016-02-16T07:27:30","guid":{"rendered":"https:\/\/jafep.com\/?post_type=product&#038;p=1466"},"modified":"2023-04-04T07:26:59","modified_gmt":"2023-04-04T07:26:59","slug":"tinte-universal","status":"publish","type":"product","link":"https:\/\/jafep.com\/pt-pt\/producto\/tinte-universal\/","title":{"rendered":"Tintura Universal"},"content":{"rendered":"<p>Corante concentrado para tintas pl\u00e1sticas aquosas, t\u00eampera, esmaltes, acr\u00edlicos, borracha clorada, etc. R\u00e1pido \u00e0 luz e resistente \u00e0s intemp\u00e9ries de acordo com as cores. <\/p>\n","protected":false},"excerpt":{"rendered":"<p>Corante concentrado para tintas pl\u00e1sticas aquosas, t\u00eampera, esmaltes, acr\u00edlicos, borracha clorada, etc. R\u00e1pido \u00e0 luz e resistente \u00e0s intemp\u00e9ries de acordo com as cores.<\/p>\n","protected":false},"featured_media":82636,"comment_status":"closed","ping_status":"closed","template":"","meta":{"_acf_changed":false,"_links_to":"","_links_to_target":""},"product_brand":[],"product_cat":[1300],"product_tag":[],"class_list":{"0":"post-1466","1":"product","2":"type-product","3":"status-publish","4":"has-post-thumbnail","6":"product_cat-corantes-pt-pt","7":"pa_formatos-250ml-pt-pt","8":"pa_formatos-60ml-pt-pt","9":"pa_iconos-base-agua-pt-pt","11":"first","12":"instock","13":"shipping-taxable","14":"product-type-simple"},"acf":[],"_links":{"self":[{"href":"https:\/\/jafep.com\/pt-pt\/wp-json\/wp\/v2\/product\/1466","targetHints":{"allow":["GET"]}}],"collection":[{"href":"https:\/\/jafep.com\/pt-pt\/wp-json\/wp\/v2\/product"}],"about":[{"href":"https:\/\/jafep.com\/pt-pt\/wp-json\/wp\/v2\/types\/product"}],"replies":[{"embeddable":true,"href":"https:\/\/jafep.com\/pt-pt\/wp-json\/wp\/v2\/comments?post=1466"}],"wp:featuredmedia":[{"embeddable":true,"href":"https:\/\/jafep.com\/pt-pt\/wp-json\/wp\/v2\/media\/82636"}],"wp:attachment":[{"href":"https:\/\/jafep.com\/pt-pt\/wp-json\/wp\/v2\/media?parent=1466"}],"wp:term":[{"taxonomy":"product_brand","embeddable":true,"href":"https:\/\/jafep.com\/pt-pt\/wp-json\/wp\/v2\/product_brand?post=1466"},{"taxonomy":"product_cat","embeddable":true,"href":"https:\/\/jafep.com\/pt-pt\/wp-json\/wp\/v2\/product_cat?post=1466"},{"taxonomy":"product_tag","embeddable":true,"href":"https:\/\/jafep.com\/pt-pt\/wp-json\/wp\/v2\/product_tag?post=1466"}],"curies":[{"name":"wp","href":"https:\/\/api.w.org\/{rel}","templated":true}]}}