{"id":1461,"date":"2016-02-05T14:43:53","date_gmt":"2016-02-16T07:22:08","guid":{"rendered":"https:\/\/jafep.com\/?post_type=product&#038;p=1461"},"modified":"2023-09-18T10:44:54","modified_gmt":"2023-09-18T10:44:54","slug":"promotor-de-adherencia-para-galvanizados-2","status":"publish","type":"product","link":"https:\/\/jafep.com\/pt-pt\/producto\/promotor-de-adherencia-para-galvanizados-2\/","title":{"rendered":"Promotor de ades\u00e3o para galvanizado"},"content":{"rendered":"<p>\u00c9 uma resina reativa, em emuls\u00e3o aquosa, que quando aplicada sobre superf\u00edcies galvanizadas cria uma pel\u00edcula dura, flex\u00edvel e sem poros, que adere perfeitamente a esse tipo de superf\u00edcie. <\/p>\n","protected":false},"excerpt":{"rendered":"<p>\u00c9 uma resina reativa, em emuls\u00e3o aquosa, que quando aplicada sobre superf\u00edcies galvanizadas cria uma pel\u00edcula dura, flex\u00edvel e sem poros, que adere perfeitamente a esse tipo de superf\u00edcie.<\/p>\n","protected":false},"featured_media":83172,"comment_status":"closed","ping_status":"closed","template":"","meta":{"_acf_changed":false,"_links_to":"","_links_to_target":""},"product_brand":[],"product_cat":[1304],"product_tag":[],"class_list":{"0":"post-1461","1":"product","2":"type-product","3":"status-publish","4":"has-post-thumbnail","6":"product_cat-complementos-pt-pt-4","7":"pa_formatos-750ml-pt-pt","8":"pa_herramientas-airless-pt-pt","9":"pa_herramientas-brocha-pt-pt","10":"pa_herramientas-brocha-esmalte-barniz-acrilico-microfibra-pt-pt","11":"pa_herramientas-pistola-pt-pt","12":"pa_herramientas-rodillo-pt-pt","13":"pa_iconos-45-exterior-interior-pt-pt","14":"pa_iconos-base-agua-pt-pt","16":"first","17":"instock","18":"shipping-taxable","19":"product-type-simple"},"acf":[],"_links":{"self":[{"href":"https:\/\/jafep.com\/pt-pt\/wp-json\/wp\/v2\/product\/1461","targetHints":{"allow":["GET"]}}],"collection":[{"href":"https:\/\/jafep.com\/pt-pt\/wp-json\/wp\/v2\/product"}],"about":[{"href":"https:\/\/jafep.com\/pt-pt\/wp-json\/wp\/v2\/types\/product"}],"replies":[{"embeddable":true,"href":"https:\/\/jafep.com\/pt-pt\/wp-json\/wp\/v2\/comments?post=1461"}],"wp:featuredmedia":[{"embeddable":true,"href":"https:\/\/jafep.com\/pt-pt\/wp-json\/wp\/v2\/media\/83172"}],"wp:attachment":[{"href":"https:\/\/jafep.com\/pt-pt\/wp-json\/wp\/v2\/media?parent=1461"}],"wp:term":[{"taxonomy":"product_brand","embeddable":true,"href":"https:\/\/jafep.com\/pt-pt\/wp-json\/wp\/v2\/product_brand?post=1461"},{"taxonomy":"product_cat","embeddable":true,"href":"https:\/\/jafep.com\/pt-pt\/wp-json\/wp\/v2\/product_cat?post=1461"},{"taxonomy":"product_tag","embeddable":true,"href":"https:\/\/jafep.com\/pt-pt\/wp-json\/wp\/v2\/product_tag?post=1461"}],"curies":[{"name":"wp","href":"https:\/\/api.w.org\/{rel}","templated":true}]}}