{"id":1456,"date":"2016-02-05T14:47:07","date_gmt":"2016-02-16T07:14:49","guid":{"rendered":"https:\/\/jafep.com\/?post_type=product&#038;p=1456"},"modified":"2023-09-20T09:23:40","modified_gmt":"2023-09-20T09:23:40","slug":"quitapinturas","status":"publish","type":"product","link":"https:\/\/jafep.com\/pt-pt\/producto\/quitapinturas\/","title":{"rendered":"Removedor de tinta em gel"},"content":{"rendered":"<p>Decapante universal que remove todos os tipos de tintas, esmaltes e vernizes antigos de forma r\u00e1pida, confort\u00e1vel, eficaz e sem pingar devido \u00e0 sua natureza gelatinosa. <\/p>\n","protected":false},"excerpt":{"rendered":"<p>Decapante universal que remove todos os tipos de tintas, esmaltes e vernizes antigos de forma r\u00e1pida, confort\u00e1vel, eficaz e sem pingar devido \u00e0 sua natureza gelatinosa.<\/p>\n","protected":false},"featured_media":82641,"comment_status":"closed","ping_status":"closed","template":"","meta":{"_acf_changed":false,"_links_to":"","_links_to_target":""},"product_brand":[],"product_cat":[1304],"product_tag":[],"class_list":{"0":"post-1456","1":"product","2":"type-product","3":"status-publish","4":"has-post-thumbnail","6":"product_cat-complementos-pt-pt-4","7":"pa_formatos-750ml-pt-pt","8":"pa_herramientas-brocha-esmalte-barniz-acrilico-microfibra-pt-pt","9":"pa_iconos-rendimiento-4-7-m2-l-pt-pt","11":"first","12":"instock","13":"shipping-taxable","14":"product-type-simple"},"acf":[],"_links":{"self":[{"href":"https:\/\/jafep.com\/pt-pt\/wp-json\/wp\/v2\/product\/1456","targetHints":{"allow":["GET"]}}],"collection":[{"href":"https:\/\/jafep.com\/pt-pt\/wp-json\/wp\/v2\/product"}],"about":[{"href":"https:\/\/jafep.com\/pt-pt\/wp-json\/wp\/v2\/types\/product"}],"replies":[{"embeddable":true,"href":"https:\/\/jafep.com\/pt-pt\/wp-json\/wp\/v2\/comments?post=1456"}],"wp:featuredmedia":[{"embeddable":true,"href":"https:\/\/jafep.com\/pt-pt\/wp-json\/wp\/v2\/media\/82641"}],"wp:attachment":[{"href":"https:\/\/jafep.com\/pt-pt\/wp-json\/wp\/v2\/media?parent=1456"}],"wp:term":[{"taxonomy":"product_brand","embeddable":true,"href":"https:\/\/jafep.com\/pt-pt\/wp-json\/wp\/v2\/product_brand?post=1456"},{"taxonomy":"product_cat","embeddable":true,"href":"https:\/\/jafep.com\/pt-pt\/wp-json\/wp\/v2\/product_cat?post=1456"},{"taxonomy":"product_tag","embeddable":true,"href":"https:\/\/jafep.com\/pt-pt\/wp-json\/wp\/v2\/product_tag?post=1456"}],"curies":[{"name":"wp","href":"https:\/\/api.w.org\/{rel}","templated":true}]}}