{"id":1448,"date":"2016-02-05T15:14:48","date_gmt":"2016-02-15T16:26:42","guid":{"rendered":"https:\/\/jafep.com\/?post_type=product&#038;p=1448"},"modified":"2023-09-27T07:58:14","modified_gmt":"2023-09-27T07:58:14","slug":"quitaplast","status":"publish","type":"product","link":"https:\/\/jafep.com\/pt-pt\/producto\/quitaplast\/","title":{"rendered":"Quitaplast &#8211; Removedor de Gotel\u00e9"},"content":{"rendered":"<p>Gel tixotr\u00f3pico, decapante para tintas \u00e0 base de \u00e1gua, t\u00eamperas plastificadas, pl\u00e1sticos gotejantes, revestimentos, etc. <\/p>\n","protected":false},"excerpt":{"rendered":"<p>Gel tixotr\u00f3pico, decapante para tintas \u00e0 base de \u00e1gua, t\u00eamperas plastificadas, pl\u00e1sticos gotejantes, revestimentos, etc.<\/p>\n","protected":false},"featured_media":82661,"comment_status":"closed","ping_status":"closed","template":"","meta":{"_acf_changed":false,"_links_to":"","_links_to_target":""},"product_brand":[],"product_cat":[1304,558],"product_tag":[],"class_list":{"0":"post-1448","1":"product","2":"type-product","3":"status-publish","4":"has-post-thumbnail","6":"product_cat-complementos-pt-pt-4","7":"product_cat-solucoes-para-o-gotele","8":"pa_formatos-15l-pt-pt","9":"pa_formatos-4l-pt-pt","10":"pa_formatos-750ml-pt-pt","11":"pa_herramientas-brocha-pt-pt","12":"pa_herramientas-brocha-esmalte-barniz-acrilico-microfibra-pt-pt","13":"pa_herramientas-rodillo-pt-pt","14":"pa_iconos-40-brocha-rodillo-pt-pt","15":"pa_iconos-46-interior-pt-pt","16":"pa_iconos-base-agua-pt-pt","18":"first","19":"instock","20":"shipping-taxable","21":"product-type-simple"},"acf":[],"_links":{"self":[{"href":"https:\/\/jafep.com\/pt-pt\/wp-json\/wp\/v2\/product\/1448","targetHints":{"allow":["GET"]}}],"collection":[{"href":"https:\/\/jafep.com\/pt-pt\/wp-json\/wp\/v2\/product"}],"about":[{"href":"https:\/\/jafep.com\/pt-pt\/wp-json\/wp\/v2\/types\/product"}],"replies":[{"embeddable":true,"href":"https:\/\/jafep.com\/pt-pt\/wp-json\/wp\/v2\/comments?post=1448"}],"wp:featuredmedia":[{"embeddable":true,"href":"https:\/\/jafep.com\/pt-pt\/wp-json\/wp\/v2\/media\/82661"}],"wp:attachment":[{"href":"https:\/\/jafep.com\/pt-pt\/wp-json\/wp\/v2\/media?parent=1448"}],"wp:term":[{"taxonomy":"product_brand","embeddable":true,"href":"https:\/\/jafep.com\/pt-pt\/wp-json\/wp\/v2\/product_brand?post=1448"},{"taxonomy":"product_cat","embeddable":true,"href":"https:\/\/jafep.com\/pt-pt\/wp-json\/wp\/v2\/product_cat?post=1448"},{"taxonomy":"product_tag","embeddable":true,"href":"https:\/\/jafep.com\/pt-pt\/wp-json\/wp\/v2\/product_tag?post=1448"}],"curies":[{"name":"wp","href":"https:\/\/api.w.org\/{rel}","templated":true}]}}