{"id":14436,"date":"2025-07-06T16:44:35","date_gmt":"2025-07-06T14:44:35","guid":{"rendered":"https:\/\/jafep.com\/?post_type=jafep_producto&#038;p=14436"},"modified":"2025-12-03T09:41:52","modified_gmt":"2025-12-03T08:41:52","slug":"pintura-de-cal","status":"publish","type":"product","link":"https:\/\/jafep.com\/pt-pt\/producto\/pintura-de-cal\/","title":{"rendered":"Pintura de cal"},"content":{"rendered":"<p class=\"MsoNormal\">Pintura de cal 100% con aspecto mineral formulada a base de cal a\u00e9rea pura seleccionada CL 90-S. Presenta un acabado mate \u00a0profundo, es altamente transpirable evitando las condensaciones y respetuosa con el medio ambiente. Se recomienda para la decoraci\u00f3n de soportes civiles e hist\u00f3ricos as\u00ed como interiores de viviendas donde se busquen estas caracter\u00edsticas, aportando adem\u00e1s una protecci\u00f3n natural frente a la proliferaci\u00f3n de mohos y microorganismos. Su efecto higrosc\u00f3pico ayuda a regular la humedad ambiental interior, absorbiendo el exceso y liber\u00e1ndola cuando el ambiente es seco.<\/p>\n","protected":false},"excerpt":{"rendered":"<p>Pintura de cal 100% con aspecto mineral formulada a base de cal a\u00e9rea pura seleccionada CL 90-S. Presenta un acabado mate \u00a0profundo, es altamente transpirable evitando las condensaciones y respetuosa con el medio ambiente. Se recomienda para la decoraci\u00f3n de soportes civiles e hist\u00f3ricos as\u00ed como interiores de viviendas donde se busquen estas caracter\u00edsticas, aportando&#8230;<\/p>\n","protected":false},"featured_media":86008,"comment_status":"closed","ping_status":"closed","template":"","meta":{"_acf_changed":false,"_links_to":"","_links_to_target":""},"product_brand":[],"product_cat":[28,50],"product_tag":[],"class_list":{"0":"post-14436","1":"product","2":"type-product","3":"status-publish","4":"has-post-thumbnail","6":"product_cat-pinturas-plasticas","7":"product_cat-usos-especiales","8":"pa_iconos-rendimiento-7-9-m2l","9":"pa_iconos-0-covs","10":"pa_iconos-antimoho-natural","11":"pa_iconos-base-agua","12":"pa_iconos-brocha-rodillo-pistola","13":"pa_iconos-mate-profundo","14":"pa_iconos-purifica-absorbiendo-co2","15":"pa_iconos-transpirable","17":"first","18":"instock","19":"shipping-taxable","20":"product-type-simple"},"acf":[],"_links":{"self":[{"href":"https:\/\/jafep.com\/pt-pt\/wp-json\/wp\/v2\/product\/14436","targetHints":{"allow":["GET"]}}],"collection":[{"href":"https:\/\/jafep.com\/pt-pt\/wp-json\/wp\/v2\/product"}],"about":[{"href":"https:\/\/jafep.com\/pt-pt\/wp-json\/wp\/v2\/types\/product"}],"replies":[{"embeddable":true,"href":"https:\/\/jafep.com\/pt-pt\/wp-json\/wp\/v2\/comments?post=14436"}],"wp:featuredmedia":[{"embeddable":true,"href":"https:\/\/jafep.com\/pt-pt\/wp-json\/wp\/v2\/media\/86008"}],"wp:attachment":[{"href":"https:\/\/jafep.com\/pt-pt\/wp-json\/wp\/v2\/media?parent=14436"}],"wp:term":[{"taxonomy":"product_brand","embeddable":true,"href":"https:\/\/jafep.com\/pt-pt\/wp-json\/wp\/v2\/product_brand?post=14436"},{"taxonomy":"product_cat","embeddable":true,"href":"https:\/\/jafep.com\/pt-pt\/wp-json\/wp\/v2\/product_cat?post=14436"},{"taxonomy":"product_tag","embeddable":true,"href":"https:\/\/jafep.com\/pt-pt\/wp-json\/wp\/v2\/product_tag?post=14436"}],"curies":[{"name":"wp","href":"https:\/\/api.w.org\/{rel}","templated":true}]}}