{"id":1440,"date":"2016-02-05T15:22:53","date_gmt":"2016-02-15T16:19:37","guid":{"rendered":"https:\/\/jafep.com\/?post_type=product&#038;p=1440"},"modified":"2023-04-19T09:27:51","modified_gmt":"2023-04-19T09:27:51","slug":"esmalte-industrial-de-secagem-rapida","status":"publish","type":"product","link":"https:\/\/jafep.com\/pt-pt\/producto\/esmalte-industrial-de-secagem-rapida\/","title":{"rendered":"Esmalte Sint\u00e9tico Industrial de Secagem r\u00e1pida"},"content":{"rendered":"<p>Esmalte de acabamento industrial para estruturas met\u00e1licas, tubagens, maquinaria, etc. Fabricado com resinas alqu\u00eddicas especiais modificadas e pigmentos de alta resist\u00eancia que proporcionam alto brilho, boa cobertura e secagem r\u00e1pida, o que permite o manuseamento de pe\u00e7as pintadas. <\/p>\n","protected":false},"excerpt":{"rendered":"<p>Esmalte de acabamento industrial para estruturas met\u00e1licas, tubagens, maquinaria, etc. Fabricado com resinas alqu\u00eddicas especiais modificadas e pigmentos de alta resist\u00eancia que proporcionam alto brilho, boa cobertura e secagem r\u00e1pida, o que permite o manuseamento de pe\u00e7as pintadas.<\/p>\n","protected":false},"featured_media":82666,"comment_status":"closed","ping_status":"closed","template":"","meta":{"_acf_changed":false,"_links_to":"","_links_to_target":""},"product_brand":[],"product_cat":[448,1310,1521,549,1398],"product_tag":[],"class_list":{"0":"post-1440","1":"product","2":"type-product","3":"status-publish","4":"has-post-thumbnail","6":"product_cat-esmaltes-especiais","7":"product_cat-esmaltes-primarios-e-selantes","8":"product_cat-metal-pt-pt","9":"product_cat-sistema-tintometrico-industrial-dual","10":"product_cat-sistemas-tintometricos-pt-pt-2","11":"pa_formatos-4l-pt-pt","12":"pa_herramientas-airless-pt-pt","13":"pa_herramientas-pistola-pt-pt","14":"pa_iconos-2-base-solvente-pt-pt","15":"pa_iconos-34-rendimiento-de-10-12-m2l-pt-pt","16":"pa_iconos-41-brocha-rodillo-pistola-pt-pt","17":"pa_iconos-45-exterior-interior-pt-pt","18":"pa_iconos-brillante-satinado-pt-pt","19":"pa_iconos-a-s2d0-pt-pt","20":"pa_iconos-uso-prof-titulado-pt-pt","22":"first","23":"instock","24":"shipping-taxable","25":"product-type-simple"},"acf":[],"_links":{"self":[{"href":"https:\/\/jafep.com\/pt-pt\/wp-json\/wp\/v2\/product\/1440","targetHints":{"allow":["GET"]}}],"collection":[{"href":"https:\/\/jafep.com\/pt-pt\/wp-json\/wp\/v2\/product"}],"about":[{"href":"https:\/\/jafep.com\/pt-pt\/wp-json\/wp\/v2\/types\/product"}],"replies":[{"embeddable":true,"href":"https:\/\/jafep.com\/pt-pt\/wp-json\/wp\/v2\/comments?post=1440"}],"wp:featuredmedia":[{"embeddable":true,"href":"https:\/\/jafep.com\/pt-pt\/wp-json\/wp\/v2\/media\/82666"}],"wp:attachment":[{"href":"https:\/\/jafep.com\/pt-pt\/wp-json\/wp\/v2\/media?parent=1440"}],"wp:term":[{"taxonomy":"product_brand","embeddable":true,"href":"https:\/\/jafep.com\/pt-pt\/wp-json\/wp\/v2\/product_brand?post=1440"},{"taxonomy":"product_cat","embeddable":true,"href":"https:\/\/jafep.com\/pt-pt\/wp-json\/wp\/v2\/product_cat?post=1440"},{"taxonomy":"product_tag","embeddable":true,"href":"https:\/\/jafep.com\/pt-pt\/wp-json\/wp\/v2\/product_tag?post=1440"}],"curies":[{"name":"wp","href":"https:\/\/api.w.org\/{rel}","templated":true}]}}