{"id":14366,"date":"2025-01-13T14:43:44","date_gmt":"2025-01-13T14:43:44","guid":{"rendered":"https:\/\/jafep.com\/?post_type=jafep_producto&#038;p=14366"},"modified":"2025-06-16T15:27:06","modified_gmt":"2025-06-16T15:27:06","slug":"pintura-plastica-mate-i-e-multicolor-400","status":"publish","type":"product","link":"https:\/\/jafep.com\/pt-pt\/producto\/pintura-plastica-mate-i-e-multicolor-400\/","title":{"rendered":"Pintura Pl\u00e1stica Mate I\/E Multicolor 400"},"content":{"rendered":"<p>Pintura acr\u00edlica indicada para un buen acabado de interiores, con una buena facilidad de aplicaci\u00f3n y r\u00e1pido secado. Buena lavabilidad. Aplicable en exteriores como protector de fachadas en condiciones no extremas.<\/p>\n","protected":false},"excerpt":{"rendered":"<p>Pintura acr\u00edlica indicada para un buen acabado de interiores, con una buena facilidad de aplicaci\u00f3n y r\u00e1pido secado. Buena lavabilidad. Aplicable en exteriores como protector de fachadas en condiciones no extremas.<\/p>\n","protected":false},"featured_media":83142,"comment_status":"closed","ping_status":"closed","template":"","meta":{"_acf_changed":false,"_links_to":"","_links_to_target":""},"product_brand":[],"product_cat":[78,1260,37],"product_tag":[],"class_list":{"0":"post-14366","1":"product","2":"type-product","3":"status-publish","4":"has-post-thumbnail","6":"product_cat-bases-sistema-multicolor","7":"product_cat-familias","8":"product_cat-sistemas-tintometricos","9":"pa_iconos-base-agua","10":"pa_iconos-conservante-antimoho-sitema-atmh","12":"first","13":"instock","14":"shipping-taxable","15":"product-type-simple"},"acf":[],"_links":{"self":[{"href":"https:\/\/jafep.com\/pt-pt\/wp-json\/wp\/v2\/product\/14366","targetHints":{"allow":["GET"]}}],"collection":[{"href":"https:\/\/jafep.com\/pt-pt\/wp-json\/wp\/v2\/product"}],"about":[{"href":"https:\/\/jafep.com\/pt-pt\/wp-json\/wp\/v2\/types\/product"}],"replies":[{"embeddable":true,"href":"https:\/\/jafep.com\/pt-pt\/wp-json\/wp\/v2\/comments?post=14366"}],"wp:featuredmedia":[{"embeddable":true,"href":"https:\/\/jafep.com\/pt-pt\/wp-json\/wp\/v2\/media\/83142"}],"wp:attachment":[{"href":"https:\/\/jafep.com\/pt-pt\/wp-json\/wp\/v2\/media?parent=14366"}],"wp:term":[{"taxonomy":"product_brand","embeddable":true,"href":"https:\/\/jafep.com\/pt-pt\/wp-json\/wp\/v2\/product_brand?post=14366"},{"taxonomy":"product_cat","embeddable":true,"href":"https:\/\/jafep.com\/pt-pt\/wp-json\/wp\/v2\/product_cat?post=14366"},{"taxonomy":"product_tag","embeddable":true,"href":"https:\/\/jafep.com\/pt-pt\/wp-json\/wp\/v2\/product_tag?post=14366"}],"curies":[{"name":"wp","href":"https:\/\/api.w.org\/{rel}","templated":true}]}}