{"id":14365,"date":"2025-01-13T14:31:40","date_gmt":"2025-01-13T14:31:40","guid":{"rendered":"https:\/\/jafep.com\/?post_type=jafep_producto&#038;p=14365"},"modified":"2025-06-16T16:51:03","modified_gmt":"2025-06-16T16:51:03","slug":"multirev-fachadas-200-revestimiento-liso-bases-p-d-tr","status":"publish","type":"product","link":"https:\/\/jafep.com\/pt-pt\/producto\/multirev-fachadas-200-revestimiento-liso-bases-p-d-tr\/","title":{"rendered":"Multirev Fachadas 200. Revestimiento liso"},"content":{"rendered":"<p>Revestimiento a base de resinas acr\u00edlicas para decoraci\u00f3n y protecci\u00f3n de fachadas, patios, paredes exteriores, etc. Para ambientes de climatolog\u00eda media. Dise\u00f1ada en tres bases (P, D y TR) para obtener acabados en diferentes tonos de color en combinaci\u00f3n con los colorantes de exterior de nuestro sistema tintom\u00e9trico decorativo. Con conservante antimoho.<\/p>\n","protected":false},"excerpt":{"rendered":"<p>Revestimiento a base de resinas acr\u00edlicas para decoraci\u00f3n y protecci\u00f3n de fachadas, patios, paredes exteriores, etc. Para ambientes de climatolog\u00eda media. Dise\u00f1ada en tres bases (P, D y TR) para obtener acabados en diferentes tonos de color en combinaci\u00f3n con los colorantes de exterior de nuestro sistema tintom\u00e9trico decorativo. Con conservante antimoho.<\/p>\n","protected":false},"featured_media":83137,"comment_status":"closed","ping_status":"closed","template":"","meta":{"_acf_changed":false,"_links_to":"","_links_to_target":""},"product_brand":[],"product_cat":[78,97,1260,235,165,37,163],"product_tag":[],"class_list":{"0":"post-14365","1":"product","2":"type-product","3":"status-publish","4":"has-post-thumbnail","6":"product_cat-bases-sistema-multicolor","7":"product_cat-exteriores","8":"product_cat-familias","9":"product_cat-fachadas","10":"product_cat-terrazas","11":"product_cat-sistemas-tintometricos","12":"product_cat-zonas-poco-humedas","13":"pa_iconos-rendimiento-8-10-m2l","14":"pa_iconos-base-agua","15":"pa_iconos-basep","16":"pa_iconos-brocha-rodillo-pistola","17":"pa_iconos-conservante-antimoho-sitema-atmh","18":"pa_iconos-exterior-interior","19":"pa_iconos-lavabilidad-nivel-3","20":"pa_iconos-mate","21":"pa_iconos-mate3","22":"pa_iconos-multicolor","24":"first","25":"instock","26":"shipping-taxable","27":"product-type-simple"},"acf":[],"_links":{"self":[{"href":"https:\/\/jafep.com\/pt-pt\/wp-json\/wp\/v2\/product\/14365","targetHints":{"allow":["GET"]}}],"collection":[{"href":"https:\/\/jafep.com\/pt-pt\/wp-json\/wp\/v2\/product"}],"about":[{"href":"https:\/\/jafep.com\/pt-pt\/wp-json\/wp\/v2\/types\/product"}],"replies":[{"embeddable":true,"href":"https:\/\/jafep.com\/pt-pt\/wp-json\/wp\/v2\/comments?post=14365"}],"wp:featuredmedia":[{"embeddable":true,"href":"https:\/\/jafep.com\/pt-pt\/wp-json\/wp\/v2\/media\/83137"}],"wp:attachment":[{"href":"https:\/\/jafep.com\/pt-pt\/wp-json\/wp\/v2\/media?parent=14365"}],"wp:term":[{"taxonomy":"product_brand","embeddable":true,"href":"https:\/\/jafep.com\/pt-pt\/wp-json\/wp\/v2\/product_brand?post=14365"},{"taxonomy":"product_cat","embeddable":true,"href":"https:\/\/jafep.com\/pt-pt\/wp-json\/wp\/v2\/product_cat?post=14365"},{"taxonomy":"product_tag","embeddable":true,"href":"https:\/\/jafep.com\/pt-pt\/wp-json\/wp\/v2\/product_tag?post=14365"}],"curies":[{"name":"wp","href":"https:\/\/api.w.org\/{rel}","templated":true}]}}