{"id":1433,"date":"2016-02-05T15:26:37","date_gmt":"2016-02-05T15:26:37","guid":{"rendered":"https:\/\/jafep.com\/?post_type=product&#038;p=1433"},"modified":"2023-10-06T07:10:31","modified_gmt":"2023-10-06T07:10:31","slug":"imprimacion-sintetica-h","status":"publish","type":"product","link":"https:\/\/jafep.com\/pt-pt\/producto\/imprimacion-sintetica-h\/","title":{"rendered":"Pinroda Prim\u00e1rio sint\u00e9tico &#8220;H&#8221; de secagem r\u00e1pida"},"content":{"rendered":"<p>Prim\u00e1rio sint\u00e9tico, para prote\u00e7\u00e3o prim\u00e1ria de superf\u00edcies de ferro e a\u00e7o, secagem r\u00e1pida, aspecto acetinado, muito boa ader\u00eancia e resist\u00eancia. <\/p>\n","protected":false},"excerpt":{"rendered":"<p>Prim\u00e1rio sint\u00e9tico, para prote\u00e7\u00e3o prim\u00e1ria de superf\u00edcies de ferro e a\u00e7o, secagem r\u00e1pida, aspecto acetinado, muito boa ader\u00eancia e resist\u00eancia.<\/p>\n","protected":false},"featured_media":82671,"comment_status":"closed","ping_status":"closed","template":"","meta":{"_acf_changed":false,"_links_to":"","_links_to_target":""},"product_brand":[],"product_cat":[1521,1468,1319,1472,487,787],"product_tag":[],"class_list":{"0":"post-1433","1":"product","2":"type-product","3":"status-publish","4":"has-post-thumbnail","6":"product_cat-metal-pt-pt","7":"product_cat-outros","8":"product_cat-pinroda-pt-pt-2","9":"product_cat-primario","10":"product_cat-primarios-pt-pt","11":"product_cat-proteger-metal-pt-pt","12":"pa_formatos-15l-pt-pt","13":"pa_formatos-4l-pt-pt","14":"pa_herramientas-airless-pt-pt","15":"pa_herramientas-pistola-pt-pt","16":"pa_iconos-2-base-solvente-pt-pt","17":"pa_iconos-37-rendimiento-de-9-a-12-m2l-pt-pt","18":"pa_iconos-41-brocha-rodillo-pistola-pt-pt","19":"pa_iconos-45-exterior-interior-pt-pt","20":"pa_iconos-cartacolores","21":"pa_iconos-satinado-pt-pt","23":"first","24":"instock","25":"shipping-taxable","26":"product-type-simple"},"acf":[],"_links":{"self":[{"href":"https:\/\/jafep.com\/pt-pt\/wp-json\/wp\/v2\/product\/1433","targetHints":{"allow":["GET"]}}],"collection":[{"href":"https:\/\/jafep.com\/pt-pt\/wp-json\/wp\/v2\/product"}],"about":[{"href":"https:\/\/jafep.com\/pt-pt\/wp-json\/wp\/v2\/types\/product"}],"replies":[{"embeddable":true,"href":"https:\/\/jafep.com\/pt-pt\/wp-json\/wp\/v2\/comments?post=1433"}],"wp:featuredmedia":[{"embeddable":true,"href":"https:\/\/jafep.com\/pt-pt\/wp-json\/wp\/v2\/media\/82671"}],"wp:attachment":[{"href":"https:\/\/jafep.com\/pt-pt\/wp-json\/wp\/v2\/media?parent=1433"}],"wp:term":[{"taxonomy":"product_brand","embeddable":true,"href":"https:\/\/jafep.com\/pt-pt\/wp-json\/wp\/v2\/product_brand?post=1433"},{"taxonomy":"product_cat","embeddable":true,"href":"https:\/\/jafep.com\/pt-pt\/wp-json\/wp\/v2\/product_cat?post=1433"},{"taxonomy":"product_tag","embeddable":true,"href":"https:\/\/jafep.com\/pt-pt\/wp-json\/wp\/v2\/product_tag?post=1433"}],"curies":[{"name":"wp","href":"https:\/\/api.w.org\/{rel}","templated":true}]}}