{"id":14298,"date":"2024-11-18T12:24:43","date_gmt":"2024-11-18T12:24:43","guid":{"rendered":"https:\/\/jafep.com\/?post_type=jafep_producto&#038;p=14298"},"modified":"2025-06-18T06:31:18","modified_gmt":"2025-06-18T06:31:18","slug":"petrex-5-mortero-tx-12-siloxano","status":"publish","type":"product","link":"https:\/\/jafep.com\/pt-pt\/producto\/petrex-5-mortero-tx-12-siloxano\/","title":{"rendered":"P\u00e9trex 5 Mortero TX 1,2 Siloxano"},"content":{"rendered":"<p>Mortero acr\u00edlico de capa gruesa especial para fachadas, formulado con resina acr\u00edlicas modificadas al siloxano que le confiere propiedades hidrorepelentes mejorando su impermeabilidad al agua l\u00edquida y su transpirabilidad.<br \/>\nEs un producto con amplio tiempo abierto que aporta una muy buena trabajabilidad, con alta hidrofobicidad inicial y de gran solidez a la luz, el\u00e1stico y con gran poder de cubrici\u00f3n y relleno.<\/p>\n","protected":false},"excerpt":{"rendered":"<p>Mortero acr\u00edlico de capa gruesa especial para fachadas, formulado con resina acr\u00edlicas modificadas al siloxano que le confiere propiedades hidrorepelentes mejorando su impermeabilidad al agua l\u00edquida y su transpirabilidad. Es un producto con amplio tiempo abierto que aporta una muy buena trabajabilidad, con alta hidrofobicidad inicial y de gran solidez a la luz, el\u00e1stico y&#8230;<\/p>\n","protected":false},"featured_media":83763,"comment_status":"closed","ping_status":"closed","template":"","meta":{"_acf_changed":false,"_links_to":"","_links_to_target":""},"product_brand":[],"product_cat":[97,1277,836,200],"product_tag":[],"class_list":{"0":"post-14298","1":"product","2":"type-product","3":"status-publish","4":"has-post-thumbnail","6":"product_cat-exteriores","7":"product_cat-morteros-acrilicos","8":"product_cat-revestimientos","9":"product_cat-sate","10":"pa_iconos-base-agua","11":"pa_iconos-ce-etag-004","12":"pa_iconos-conservante-antimoho-sitema-atmh","13":"pa_iconos-fratasado-mate","14":"pa_iconos-rendimiento-0-7-0-8-m2-l","16":"first","17":"instock","18":"shipping-taxable","19":"product-type-simple"},"acf":[],"_links":{"self":[{"href":"https:\/\/jafep.com\/pt-pt\/wp-json\/wp\/v2\/product\/14298","targetHints":{"allow":["GET"]}}],"collection":[{"href":"https:\/\/jafep.com\/pt-pt\/wp-json\/wp\/v2\/product"}],"about":[{"href":"https:\/\/jafep.com\/pt-pt\/wp-json\/wp\/v2\/types\/product"}],"replies":[{"embeddable":true,"href":"https:\/\/jafep.com\/pt-pt\/wp-json\/wp\/v2\/comments?post=14298"}],"wp:featuredmedia":[{"embeddable":true,"href":"https:\/\/jafep.com\/pt-pt\/wp-json\/wp\/v2\/media\/83763"}],"wp:attachment":[{"href":"https:\/\/jafep.com\/pt-pt\/wp-json\/wp\/v2\/media?parent=14298"}],"wp:term":[{"taxonomy":"product_brand","embeddable":true,"href":"https:\/\/jafep.com\/pt-pt\/wp-json\/wp\/v2\/product_brand?post=14298"},{"taxonomy":"product_cat","embeddable":true,"href":"https:\/\/jafep.com\/pt-pt\/wp-json\/wp\/v2\/product_cat?post=14298"},{"taxonomy":"product_tag","embeddable":true,"href":"https:\/\/jafep.com\/pt-pt\/wp-json\/wp\/v2\/product_tag?post=14298"}],"curies":[{"name":"wp","href":"https:\/\/api.w.org\/{rel}","templated":true}]}}