{"id":1429,"date":"2016-02-05T15:30:16","date_gmt":"2016-02-15T16:03:02","guid":{"rendered":"https:\/\/jafep.com\/?post_type=product&#038;p=1429"},"modified":"2023-10-06T07:24:56","modified_gmt":"2023-10-06T07:24:56","slug":"imprimacion-sintetica-r","status":"publish","type":"product","link":"https:\/\/jafep.com\/pt-pt\/producto\/imprimacion-sintetica-r\/","title":{"rendered":"Pinroda Prim\u00e1rio sint\u00e9tico &#8220;R&#8221; de secagem r\u00e1pida"},"content":{"rendered":"<p>Prim\u00e1rio sint\u00e9tico, para prote\u00e7\u00e3o prim\u00e1ria de superf\u00edcies de ferro e a\u00e7o, secagem r\u00e1pida, aspecto acetinado, muito boa ader\u00eancia e resist\u00eancia. <\/p>\n","protected":false},"excerpt":{"rendered":"<p>Prim\u00e1rio sint\u00e9tico, para prote\u00e7\u00e3o prim\u00e1ria de superf\u00edcies de ferro e a\u00e7o, secagem r\u00e1pida, aspecto acetinado, muito boa ader\u00eancia e resist\u00eancia.<\/p>\n","protected":false},"featured_media":82676,"comment_status":"closed","ping_status":"closed","template":"","meta":{"_acf_changed":false,"_links_to":"","_links_to_target":""},"product_brand":[],"product_cat":[1521,1468,1319,1472,487,787],"product_tag":[],"class_list":{"0":"post-1429","1":"product","2":"type-product","3":"status-publish","4":"has-post-thumbnail","6":"product_cat-metal-pt-pt","7":"product_cat-outros","8":"product_cat-pinroda-pt-pt-2","9":"product_cat-primario","10":"product_cat-primarios-pt-pt","11":"product_cat-proteger-metal-pt-pt","12":"pa_formatos-15l-pt-pt","13":"pa_formatos-4l-pt-pt","14":"pa_herramientas-airless-pt-pt","15":"pa_herramientas-pistola-pt-pt","16":"pa_iconos-2-base-solvente-pt-pt","17":"pa_iconos-45-exterior-interior-pt-pt","18":"pa_iconos-rendimiento-8-11-m2-l-pt-pt","20":"first","21":"instock","22":"shipping-taxable","23":"product-type-simple"},"acf":[],"_links":{"self":[{"href":"https:\/\/jafep.com\/pt-pt\/wp-json\/wp\/v2\/product\/1429","targetHints":{"allow":["GET"]}}],"collection":[{"href":"https:\/\/jafep.com\/pt-pt\/wp-json\/wp\/v2\/product"}],"about":[{"href":"https:\/\/jafep.com\/pt-pt\/wp-json\/wp\/v2\/types\/product"}],"replies":[{"embeddable":true,"href":"https:\/\/jafep.com\/pt-pt\/wp-json\/wp\/v2\/comments?post=1429"}],"wp:featuredmedia":[{"embeddable":true,"href":"https:\/\/jafep.com\/pt-pt\/wp-json\/wp\/v2\/media\/82676"}],"wp:attachment":[{"href":"https:\/\/jafep.com\/pt-pt\/wp-json\/wp\/v2\/media?parent=1429"}],"wp:term":[{"taxonomy":"product_brand","embeddable":true,"href":"https:\/\/jafep.com\/pt-pt\/wp-json\/wp\/v2\/product_brand?post=1429"},{"taxonomy":"product_cat","embeddable":true,"href":"https:\/\/jafep.com\/pt-pt\/wp-json\/wp\/v2\/product_cat?post=1429"},{"taxonomy":"product_tag","embeddable":true,"href":"https:\/\/jafep.com\/pt-pt\/wp-json\/wp\/v2\/product_tag?post=1429"}],"curies":[{"name":"wp","href":"https:\/\/api.w.org\/{rel}","templated":true}]}}