{"id":1424,"date":"2016-02-05T15:37:05","date_gmt":"2016-02-15T15:53:45","guid":{"rendered":"https:\/\/jafep.com\/?post_type=product&#038;p=1424"},"modified":"2023-10-09T08:43:39","modified_gmt":"2023-10-09T08:43:39","slug":"pintura-plastica-satinado-pinroda","status":"publish","type":"product","link":"https:\/\/jafep.com\/pt-pt\/producto\/pintura-plastica-satinado-pinroda\/","title":{"rendered":"Pinroda Acetinado"},"content":{"rendered":"<p>Tinta pl\u00e1stica para Interior e Exterior de elevada qualidade, estabilidade e resist\u00eancia, que proporciona um acabamento imperme\u00e1vel e duradouro com excelente brancura e bom poder de cobertura. Apar\u00eancia final acetinada e sedosa. Muito lav\u00e1vel. <\/p>\n","protected":false},"excerpt":{"rendered":"<p>Tinta pl\u00e1stica para Interior e Exterior de elevada qualidade, estabilidade e resist\u00eancia, que proporciona um acabamento imperme\u00e1vel e duradouro com excelente brancura e bom poder de cobertura. Apar\u00eancia final acetinada e sedosa. Muito lav\u00e1vel.<\/p>\n","protected":false},"featured_media":82681,"comment_status":"closed","ping_status":"closed","template":"","meta":{"_acf_changed":false,"_links_to":"","_links_to_target":""},"product_brand":[],"product_cat":[782,1319,493],"product_tag":[],"class_list":{"0":"post-1424","1":"product","2":"type-product","3":"status-publish","4":"has-post-thumbnail","6":"product_cat-en-satinado-pt-pt","7":"product_cat-pinroda-pt-pt-2","8":"product_cat-tintas-plasticas","9":"pa_formatos-15l-pt-pt","10":"pa_formatos-3l-pt-pt","11":"pa_herramientas-airless-pt-pt","12":"pa_herramientas-brocha-pt-pt","13":"pa_herramientas-pistola-pt-pt","14":"pa_herramientas-rodillo-pt-pt","15":"pa_herramientas-rodillo-fachadas-lana-oveja-20mm-pt-pt","16":"pa_herramientas-rodillo-fachadas-poliamida-extra-larga-de-20mm-pt-pt","17":"pa_herramientas-rodillo-fachadas-poliamida-larga-de-19mm-pt-pt","18":"pa_herramientas-rodillo-interior-poliamida-de-11mm-pt","19":"pa_herramientas-rodillo-interior-100-microfibra-de-11mm-pt","20":"pa_iconos-41-brocha-rodillo-pistola-pt-pt","21":"pa_iconos-45-exterior-interior-pt-pt","22":"pa_iconos-61-lavabilidad-nivel-2-pt-pt","23":"pa_iconos-base-agua-pt-pt","24":"pa_iconos-rendimiento-7-10-m2l-pt-pt","25":"pa_iconos-satinado-pt-pt","27":"first","28":"instock","29":"shipping-taxable","30":"product-type-simple"},"acf":[],"_links":{"self":[{"href":"https:\/\/jafep.com\/pt-pt\/wp-json\/wp\/v2\/product\/1424","targetHints":{"allow":["GET"]}}],"collection":[{"href":"https:\/\/jafep.com\/pt-pt\/wp-json\/wp\/v2\/product"}],"about":[{"href":"https:\/\/jafep.com\/pt-pt\/wp-json\/wp\/v2\/types\/product"}],"replies":[{"embeddable":true,"href":"https:\/\/jafep.com\/pt-pt\/wp-json\/wp\/v2\/comments?post=1424"}],"wp:featuredmedia":[{"embeddable":true,"href":"https:\/\/jafep.com\/pt-pt\/wp-json\/wp\/v2\/media\/82681"}],"wp:attachment":[{"href":"https:\/\/jafep.com\/pt-pt\/wp-json\/wp\/v2\/media?parent=1424"}],"wp:term":[{"taxonomy":"product_brand","embeddable":true,"href":"https:\/\/jafep.com\/pt-pt\/wp-json\/wp\/v2\/product_brand?post=1424"},{"taxonomy":"product_cat","embeddable":true,"href":"https:\/\/jafep.com\/pt-pt\/wp-json\/wp\/v2\/product_cat?post=1424"},{"taxonomy":"product_tag","embeddable":true,"href":"https:\/\/jafep.com\/pt-pt\/wp-json\/wp\/v2\/product_tag?post=1424"}],"curies":[{"name":"wp","href":"https:\/\/api.w.org\/{rel}","templated":true}]}}