{"id":1419,"date":"2016-02-05T15:47:09","date_gmt":"2016-02-15T15:40:01","guid":{"rendered":"https:\/\/jafep.com\/?post_type=product&#038;p=1419"},"modified":"2023-10-09T09:13:35","modified_gmt":"2023-10-09T09:13:35","slug":"pintura-plastica-acrilica-mate-pinroda","status":"publish","type":"product","link":"https:\/\/jafep.com\/pt-pt\/producto\/pintura-plastica-acrilica-mate-pinroda\/","title":{"rendered":"Pinroda Acr\u00edlico Fosco"},"content":{"rendered":"<p>Tinta pl\u00e1stica para interiores de grande brancura e boa cobertura com uma rela\u00e7\u00e3o qualidade\/pre\u00e7o imbat\u00edvel. <\/p>\n","protected":false},"excerpt":{"rendered":"<p>Tinta pl\u00e1stica para interiores de grande brancura e boa cobertura com uma rela\u00e7\u00e3o qualidade\/pre\u00e7o imbat\u00edvel.<\/p>\n","protected":false},"featured_media":82691,"comment_status":"closed","ping_status":"closed","template":"","meta":{"_acf_changed":false,"_links_to":"","_links_to_target":""},"product_brand":[],"product_cat":[1565,1568,1247,1319,493],"product_tag":[],"class_list":{"0":"post-1419","1":"product","2":"type-product","3":"status-publish","4":"has-post-thumbnail","6":"product_cat-decorar-pintar-pt-pt","7":"product_cat-efeitos-decorativos","8":"product_cat-interiores-pt-pt","9":"product_cat-pinroda-pt-pt-2","10":"product_cat-tintas-plasticas","11":"pa_formatos-22kg-pt-pt","12":"pa_formatos-5kg-pt-pt","13":"pa_herramientas-airless-pt-pt","14":"pa_herramientas-brocha-pt-pt","15":"pa_herramientas-pistola-pt-pt","16":"pa_herramientas-rodillo-interior-poliamida-de-11mm-pt","17":"pa_herramientas-rodillo-interior-100-microfibra-de-11mm-pt","18":"pa_iconos-45-exterior-interior-pt-pt","19":"pa_iconos-51-mate-60o-pt-pt","20":"pa_iconos-64-lavabilidad-nivel-maximo","21":"pa_iconos-base-agua-pt-pt","22":"pa_iconos-mate-pt-pt","23":"pa_iconos-mate3-pt-pt","24":"pa_iconos-rendimiento-6-9-m2-l-pt-pt","26":"first","27":"instock","28":"shipping-taxable","29":"product-type-simple"},"acf":[],"_links":{"self":[{"href":"https:\/\/jafep.com\/pt-pt\/wp-json\/wp\/v2\/product\/1419","targetHints":{"allow":["GET"]}}],"collection":[{"href":"https:\/\/jafep.com\/pt-pt\/wp-json\/wp\/v2\/product"}],"about":[{"href":"https:\/\/jafep.com\/pt-pt\/wp-json\/wp\/v2\/types\/product"}],"replies":[{"embeddable":true,"href":"https:\/\/jafep.com\/pt-pt\/wp-json\/wp\/v2\/comments?post=1419"}],"wp:featuredmedia":[{"embeddable":true,"href":"https:\/\/jafep.com\/pt-pt\/wp-json\/wp\/v2\/media\/82691"}],"wp:attachment":[{"href":"https:\/\/jafep.com\/pt-pt\/wp-json\/wp\/v2\/media?parent=1419"}],"wp:term":[{"taxonomy":"product_brand","embeddable":true,"href":"https:\/\/jafep.com\/pt-pt\/wp-json\/wp\/v2\/product_brand?post=1419"},{"taxonomy":"product_cat","embeddable":true,"href":"https:\/\/jafep.com\/pt-pt\/wp-json\/wp\/v2\/product_cat?post=1419"},{"taxonomy":"product_tag","embeddable":true,"href":"https:\/\/jafep.com\/pt-pt\/wp-json\/wp\/v2\/product_tag?post=1419"}],"curies":[{"name":"wp","href":"https:\/\/api.w.org\/{rel}","templated":true}]}}