{"id":1412,"date":"2016-02-05T15:50:18","date_gmt":"2016-02-15T15:29:59","guid":{"rendered":"https:\/\/jafep.com\/?post_type=product&#038;p=1412"},"modified":"2023-05-09T09:50:09","modified_gmt":"2023-05-09T09:50:09","slug":"pintura-plastica-picado-pinroda","status":"publish","type":"product","link":"https:\/\/jafep.com\/pt-pt\/producto\/pintura-plastica-picado-pinroda\/","title":{"rendered":"PINTURA PL\u00c1STICA PICADO PINRODA"},"content":{"rendered":"<p>Tinta pl\u00e1stica para interiores, de acabamento muito branco e suave. Com boa resist\u00eancia e lavabilidade. Especial para obter com um s\u00f3 produto acabamentos decorativos em relevo: picados, raiados, serapilheira, etc. <\/p>\n","protected":false},"excerpt":{"rendered":"<p>Tinta pl\u00e1stica para interiores, de acabamento muito branco e suave. Com boa resist\u00eancia e lavabilidade. Especial para obter com um s\u00f3 produto acabamentos decorativos em relevo: picados, raiados, serapilheira, etc.<\/p>\n","protected":false},"featured_media":82701,"comment_status":"closed","ping_status":"closed","template":"","meta":{"_acf_changed":false,"_links_to":"","_links_to_target":""},"product_brand":[],"product_cat":[1565,1568,1247,1319,493],"product_tag":[],"class_list":{"0":"post-1412","1":"product","2":"type-product","3":"status-publish","4":"has-post-thumbnail","6":"product_cat-decorar-pintar-pt-pt","7":"product_cat-efeitos-decorativos","8":"product_cat-interiores-pt-pt","9":"product_cat-pinroda-pt-pt-2","10":"product_cat-tintas-plasticas","11":"pa_formatos-25kg","12":"pa_formatos-5kg-pt-pt","13":"pa_herramientas-rodillo-interior-poliamida-de-11mm-pt","14":"pa_herramientas-rodillo-interior-100-microfibra-de-11mm-pt","15":"pa_iconos-46-interior-pt-pt","16":"pa_iconos-51-mate-60o-pt-pt","17":"pa_iconos-base-agua-pt-pt","18":"pa_iconos-rendimiento-3-5-m2-l-pt-pt","20":"first","21":"instock","22":"shipping-taxable","23":"product-type-simple"},"acf":[],"_links":{"self":[{"href":"https:\/\/jafep.com\/pt-pt\/wp-json\/wp\/v2\/product\/1412","targetHints":{"allow":["GET"]}}],"collection":[{"href":"https:\/\/jafep.com\/pt-pt\/wp-json\/wp\/v2\/product"}],"about":[{"href":"https:\/\/jafep.com\/pt-pt\/wp-json\/wp\/v2\/types\/product"}],"replies":[{"embeddable":true,"href":"https:\/\/jafep.com\/pt-pt\/wp-json\/wp\/v2\/comments?post=1412"}],"wp:featuredmedia":[{"embeddable":true,"href":"https:\/\/jafep.com\/pt-pt\/wp-json\/wp\/v2\/media\/82701"}],"wp:attachment":[{"href":"https:\/\/jafep.com\/pt-pt\/wp-json\/wp\/v2\/media?parent=1412"}],"wp:term":[{"taxonomy":"product_brand","embeddable":true,"href":"https:\/\/jafep.com\/pt-pt\/wp-json\/wp\/v2\/product_brand?post=1412"},{"taxonomy":"product_cat","embeddable":true,"href":"https:\/\/jafep.com\/pt-pt\/wp-json\/wp\/v2\/product_cat?post=1412"},{"taxonomy":"product_tag","embeddable":true,"href":"https:\/\/jafep.com\/pt-pt\/wp-json\/wp\/v2\/product_tag?post=1412"}],"curies":[{"name":"wp","href":"https:\/\/api.w.org\/{rel}","templated":true}]}}