{"id":1403,"date":"2016-02-05T15:58:19","date_gmt":"2016-02-15T15:13:24","guid":{"rendered":"https:\/\/jafep.com\/?post_type=product&#038;p=1403"},"modified":"2023-05-09T10:26:51","modified_gmt":"2023-05-09T10:26:51","slug":"revestimiento-rugoso-pinroda-2","status":"publish","type":"product","link":"https:\/\/jafep.com\/pt-pt\/producto\/revestimiento-rugoso-pinroda-2\/","title":{"rendered":"REVESTIMIENTO RUGOSO PINRODA"},"content":{"rendered":"<p>Revestimento p\u00e9treo rugoso elaborado com resinas em emuls\u00e3o e pigmentos de alta resist\u00eancia e solidez \u00e1 luz, que lhe proporciona um acabamento el\u00e1stico e imperme\u00e1vel mas resistentes aos agentes climatol\u00f3gicos adversos. Tem um bom poder de relevo que dissimula os defeitos do enfuscado e um excelente picado com acabamento rugoso de grande brancura. Facilidades de aplica\u00e7\u00e3o. <\/p>\n","protected":false},"excerpt":{"rendered":"<p>Revestimento p\u00e9treo rugoso elaborado com resinas em emuls\u00e3o e pigmentos de alta resist\u00eancia e solidez \u00e1 luz, que lhe proporciona um acabamento el\u00e1stico e imperme\u00e1vel mas resistentes aos agentes climatol\u00f3gicos adversos. Tem um bom poder de relevo que dissimula os defeitos do enfuscado e um excelente picado com acabamento rugoso de grande brancura. Facilidades de&#8230;<\/p>\n","protected":false},"featured_media":82701,"comment_status":"closed","ping_status":"closed","template":"","meta":{"_acf_changed":false,"_links_to":"","_links_to_target":""},"product_brand":[],"product_cat":[1065,1319,1066,1558,479],"product_tag":[],"class_list":{"0":"post-1403","1":"product","2":"type-product","3":"status-publish","4":"has-post-thumbnail","6":"product_cat-exteriores-pt-pt","7":"product_cat-pinroda-pt-pt-2","8":"product_cat-fachadas-pt-pt","9":"product_cat-pintar-terracos","10":"product_cat-facades","11":"pa_formatos-15l-pt-pt","12":"pa_formatos-4l-pt-pt","13":"pa_herramientas-airless-pt-pt","14":"pa_herramientas-brocha-esmalte-barniz-acrilico-microfibra-pt-pt","15":"pa_herramientas-pistola-pt-pt","16":"pa_herramientas-rodillo-fachadas-lana-oveja-20mm-pt-pt","17":"pa_herramientas-rodillo-fachadas-poliamida-extra-larga-de-20mm-pt-pt","18":"pa_herramientas-rodillo-fachadas-poliamida-larga-de-19mm-pt-pt","19":"pa_iconos-45-exterior-interior-pt-pt","20":"pa_iconos-51-mate-60o-pt-pt","21":"pa_iconos-base-agua-pt-pt","22":"pa_iconos-rendimiento-2-3-m2-l-pt-pt","24":"first","25":"instock","26":"shipping-taxable","27":"product-type-simple"},"acf":[],"_links":{"self":[{"href":"https:\/\/jafep.com\/pt-pt\/wp-json\/wp\/v2\/product\/1403","targetHints":{"allow":["GET"]}}],"collection":[{"href":"https:\/\/jafep.com\/pt-pt\/wp-json\/wp\/v2\/product"}],"about":[{"href":"https:\/\/jafep.com\/pt-pt\/wp-json\/wp\/v2\/types\/product"}],"replies":[{"embeddable":true,"href":"https:\/\/jafep.com\/pt-pt\/wp-json\/wp\/v2\/comments?post=1403"}],"wp:featuredmedia":[{"embeddable":true,"href":"https:\/\/jafep.com\/pt-pt\/wp-json\/wp\/v2\/media\/82701"}],"wp:attachment":[{"href":"https:\/\/jafep.com\/pt-pt\/wp-json\/wp\/v2\/media?parent=1403"}],"wp:term":[{"taxonomy":"product_brand","embeddable":true,"href":"https:\/\/jafep.com\/pt-pt\/wp-json\/wp\/v2\/product_brand?post=1403"},{"taxonomy":"product_cat","embeddable":true,"href":"https:\/\/jafep.com\/pt-pt\/wp-json\/wp\/v2\/product_cat?post=1403"},{"taxonomy":"product_tag","embeddable":true,"href":"https:\/\/jafep.com\/pt-pt\/wp-json\/wp\/v2\/product_tag?post=1403"}],"curies":[{"name":"wp","href":"https:\/\/api.w.org\/{rel}","templated":true}]}}