{"id":1399,"date":"2016-02-05T16:01:18","date_gmt":"2016-02-15T15:07:21","guid":{"rendered":"https:\/\/jafep.com\/?post_type=product&#038;p=1399"},"modified":"2023-10-10T07:07:12","modified_gmt":"2023-10-10T07:07:12","slug":"revestimiento-liso-pinroda","status":"publish","type":"product","link":"https:\/\/jafep.com\/pt-pt\/producto\/revestimiento-liso-pinroda\/","title":{"rendered":"Pinroda Revestimento Liso"},"content":{"rendered":"<p>Revestimento de fachada, acr\u00edlico, p\u00e9treo e fosco que \u00e9 formulado com copol\u00edmeros acr\u00edlicos, pigmentos e cargas de alta resist\u00eancia e solidez. Com boa resist\u00eancia \u00e0s intemp\u00e9ries, sal e abras\u00e3o. Possui boa permeabilidade ao vapor de \u00e1gua o que favorece a respirabilidade do suporte. Portanto indicado para uso externo em ambientes atmosf\u00e9ricos moderadamente agressivos. <\/p>\n","protected":false},"excerpt":{"rendered":"<p>Revestimento de fachada, acr\u00edlico, p\u00e9treo e fosco que \u00e9 formulado com copol\u00edmeros acr\u00edlicos, pigmentos e cargas de alta resist\u00eancia e solidez. Com boa resist\u00eancia \u00e0s intemp\u00e9ries, sal e abras\u00e3o. Possui boa permeabilidade ao vapor de \u00e1gua o que favorece a respirabilidade do suporte. Portanto indicado para uso externo em ambientes atmosf\u00e9ricos moderadamente agressivos.<\/p>\n","protected":false},"featured_media":82701,"comment_status":"closed","ping_status":"closed","template":"","meta":{"_acf_changed":false,"_links_to":"","_links_to_target":""},"product_brand":[],"product_cat":[1319,1066,479,1557],"product_tag":[],"class_list":{"0":"post-1399","1":"product","2":"type-product","3":"status-publish","4":"has-post-thumbnail","6":"product_cat-pinroda-pt-pt-2","7":"product_cat-fachadas-pt-pt","8":"product_cat-facades","9":"product_cat-zonas-pouco-humidas","10":"pa_formatos-15l-pt-pt","11":"pa_formatos-4l-pt-pt","12":"pa_herramientas-airless-pt-pt","13":"pa_herramientas-brocha-pt-pt","14":"pa_herramientas-pistola-pt-pt","15":"pa_herramientas-rodillo-fachadas-lana-oveja-20mm-pt-pt","16":"pa_herramientas-rodillo-fachadas-poliamida-extra-larga-de-20mm-pt-pt","17":"pa_herramientas-rodillo-fachadas-poliamida-larga-de-19mm-pt-pt","18":"pa_iconos-46-interior-pt-pt","19":"pa_iconos-51-mate-60o-pt-pt","20":"pa_iconos-64-lavabilidad-nivel-maximo","21":"pa_iconos-a-mas-pt-pt","22":"pa_iconos-base-agua-pt-pt","23":"pa_iconos-mate-pt-pt","24":"pa_iconos-mate2-5-pt-pt","25":"pa_iconos-rendimiento-6-8-m2l-pt-pt","27":"first","28":"instock","29":"shipping-taxable","30":"product-type-simple"},"acf":[],"_links":{"self":[{"href":"https:\/\/jafep.com\/pt-pt\/wp-json\/wp\/v2\/product\/1399","targetHints":{"allow":["GET"]}}],"collection":[{"href":"https:\/\/jafep.com\/pt-pt\/wp-json\/wp\/v2\/product"}],"about":[{"href":"https:\/\/jafep.com\/pt-pt\/wp-json\/wp\/v2\/types\/product"}],"replies":[{"embeddable":true,"href":"https:\/\/jafep.com\/pt-pt\/wp-json\/wp\/v2\/comments?post=1399"}],"wp:featuredmedia":[{"embeddable":true,"href":"https:\/\/jafep.com\/pt-pt\/wp-json\/wp\/v2\/media\/82701"}],"wp:attachment":[{"href":"https:\/\/jafep.com\/pt-pt\/wp-json\/wp\/v2\/media?parent=1399"}],"wp:term":[{"taxonomy":"product_brand","embeddable":true,"href":"https:\/\/jafep.com\/pt-pt\/wp-json\/wp\/v2\/product_brand?post=1399"},{"taxonomy":"product_cat","embeddable":true,"href":"https:\/\/jafep.com\/pt-pt\/wp-json\/wp\/v2\/product_cat?post=1399"},{"taxonomy":"product_tag","embeddable":true,"href":"https:\/\/jafep.com\/pt-pt\/wp-json\/wp\/v2\/product_tag?post=1399"}],"curies":[{"name":"wp","href":"https:\/\/api.w.org\/{rel}","templated":true}]}}