{"id":1391,"date":"2016-02-05T16:03:29","date_gmt":"2016-02-15T14:56:45","guid":{"rendered":"https:\/\/jafep.com\/?post_type=product&#038;p=1391"},"modified":"2016-03-15T07:10:38","modified_gmt":"2016-03-15T07:10:38","slug":"revestimiento-rugoso-pinroda","status":"publish","type":"product","link":"https:\/\/jafep.com\/pt-pt\/producto\/revestimiento-rugoso-pinroda\/","title":{"rendered":"REVESTIMIENTO LISO PINRODA"},"content":{"rendered":"<p>Revestimento pl\u00e1stico mate formulado com copol\u00edmeros acr\u00edlicos, pigmentos e cargas de alta resist\u00eancia e solidez; com boa resist\u00eancia a c\u00e9u descoberto, ao salitre e \u00e1 abras\u00e3o, o que lhe concede excelentes resultados ao exterior em ambientes atmosf\u00e9ricos medianamente agressivos. <\/p>\n","protected":false},"excerpt":{"rendered":"<p>Revestimento pl\u00e1stico mate formulado com copol\u00edmeros acr\u00edlicos, pigmentos e cargas de alta resist\u00eancia e solidez; com boa resist\u00eancia a c\u00e9u descoberto, ao salitre e \u00e1 abras\u00e3o, o que lhe concede excelentes resultados ao exterior em ambientes atmosf\u00e9ricos medianamente agressivos.<\/p>\n","protected":false},"featured_media":82701,"comment_status":"closed","ping_status":"closed","template":"","meta":{"_acf_changed":false,"_links_to":"","_links_to_target":""},"product_brand":[],"product_cat":[1065,1319,1066,479,1588],"product_tag":[],"class_list":{"0":"post-1391","1":"product","2":"type-product","3":"status-publish","4":"has-post-thumbnail","6":"product_cat-exteriores-pt-pt","7":"product_cat-pinroda-pt-pt-2","8":"product_cat-fachadas-pt-pt","9":"product_cat-facades","10":"product_cat-zonas-muito-humidas","11":"pa_formatos-15l-pt-pt","12":"pa_herramientas-rodillo-fachadas-lana-oveja-20mm-pt-pt","13":"pa_herramientas-rodillo-fachadas-poliamida-extra-larga-de-20mm-pt-pt","14":"pa_herramientas-rodillo-fachadas-poliamida-larga-de-19mm-pt-pt","15":"pa_iconos-62-lavabilidad-nivel-3-pt-pt","16":"pa_iconos-base-agua-pt-pt","18":"first","19":"instock","20":"shipping-taxable","21":"product-type-simple"},"acf":[],"_links":{"self":[{"href":"https:\/\/jafep.com\/pt-pt\/wp-json\/wp\/v2\/product\/1391","targetHints":{"allow":["GET"]}}],"collection":[{"href":"https:\/\/jafep.com\/pt-pt\/wp-json\/wp\/v2\/product"}],"about":[{"href":"https:\/\/jafep.com\/pt-pt\/wp-json\/wp\/v2\/types\/product"}],"replies":[{"embeddable":true,"href":"https:\/\/jafep.com\/pt-pt\/wp-json\/wp\/v2\/comments?post=1391"}],"wp:featuredmedia":[{"embeddable":true,"href":"https:\/\/jafep.com\/pt-pt\/wp-json\/wp\/v2\/media\/82701"}],"wp:attachment":[{"href":"https:\/\/jafep.com\/pt-pt\/wp-json\/wp\/v2\/media?parent=1391"}],"wp:term":[{"taxonomy":"product_brand","embeddable":true,"href":"https:\/\/jafep.com\/pt-pt\/wp-json\/wp\/v2\/product_brand?post=1391"},{"taxonomy":"product_cat","embeddable":true,"href":"https:\/\/jafep.com\/pt-pt\/wp-json\/wp\/v2\/product_cat?post=1391"},{"taxonomy":"product_tag","embeddable":true,"href":"https:\/\/jafep.com\/pt-pt\/wp-json\/wp\/v2\/product_tag?post=1391"}],"curies":[{"name":"wp","href":"https:\/\/api.w.org\/{rel}","templated":true}]}}