{"id":13864,"date":"2024-02-12T09:40:12","date_gmt":"2024-02-12T09:40:12","guid":{"rendered":"https:\/\/jafep.com\/?post_type=jafep_producto&#038;p=13864"},"modified":"2025-04-01T07:49:51","modified_gmt":"2025-04-01T07:49:51","slug":"sellacryl-pigmentado-fixador-acrilico-penetrante-atmh","status":"publish","type":"product","link":"https:\/\/jafep.com\/pt-pt\/producto\/sellacryl-pigmentado-fixador-acrilico-penetrante-atmh\/","title":{"rendered":"Sellacryl Pigmentado Fixador acr\u00edlico penetrante ATMH"},"content":{"rendered":"<p>Selante pigmentado branco para paredes, tijolos, tintas, etc. Produto 100% acr\u00edlico. Quando aplicado sobre o bet\u00e3o, impede a entrada de CO2 e, consequentemente, o processo de carbonata\u00e7\u00e3o. Como \u00e9 pigmentado, melhora a cobertura das sucessivas dem\u00e3os de tinta, poupando tempo e material.<\/p>\n","protected":false},"excerpt":{"rendered":"<p>Selante pigmentado branco para paredes, tijolos, tintas, etc. Produto 100% acr\u00edlico. Quando aplicado sobre o bet\u00e3o, impede a entrada de CO2 e, consequentemente, o processo de carbonata\u00e7\u00e3o. Como \u00e9 pigmentado, melhora a cobertura das sucessivas dem\u00e3os de tinta, poupando tempo e material.<\/p>\n","protected":false},"featured_media":0,"comment_status":"closed","ping_status":"closed","template":"","meta":{"_acf_changed":false,"_links_to":"","_links_to_target":""},"product_brand":[],"product_cat":[1290,469],"product_tag":[],"class_list":{"0":"post-13864","1":"product","2":"type-product","3":"status-publish","5":"product_cat-familias-pt-pt","6":"product_cat-preparacoes-de-agua","8":"first","9":"instock","10":"shipping-taxable","11":"product-type-simple"},"acf":[],"_links":{"self":[{"href":"https:\/\/jafep.com\/pt-pt\/wp-json\/wp\/v2\/product\/13864","targetHints":{"allow":["GET"]}}],"collection":[{"href":"https:\/\/jafep.com\/pt-pt\/wp-json\/wp\/v2\/product"}],"about":[{"href":"https:\/\/jafep.com\/pt-pt\/wp-json\/wp\/v2\/types\/product"}],"replies":[{"embeddable":true,"href":"https:\/\/jafep.com\/pt-pt\/wp-json\/wp\/v2\/comments?post=13864"}],"wp:attachment":[{"href":"https:\/\/jafep.com\/pt-pt\/wp-json\/wp\/v2\/media?parent=13864"}],"wp:term":[{"taxonomy":"product_brand","embeddable":true,"href":"https:\/\/jafep.com\/pt-pt\/wp-json\/wp\/v2\/product_brand?post=13864"},{"taxonomy":"product_cat","embeddable":true,"href":"https:\/\/jafep.com\/pt-pt\/wp-json\/wp\/v2\/product_cat?post=13864"},{"taxonomy":"product_tag","embeddable":true,"href":"https:\/\/jafep.com\/pt-pt\/wp-json\/wp\/v2\/product_tag?post=13864"}],"curies":[{"name":"wp","href":"https:\/\/api.w.org\/{rel}","templated":true}]}}