{"id":13708,"date":"2024-01-18T15:09:20","date_gmt":"2024-01-18T15:09:20","guid":{"rendered":"https:\/\/jafep.com\/?post_type=product&#038;p=13708"},"modified":"2025-04-01T13:56:47","modified_gmt":"2025-04-01T13:56:47","slug":"esmalte-antioxidante-multisuperficies-al-agua","status":"publish","type":"product","link":"https:\/\/jafep.com\/pt-pt\/producto\/esmalte-antioxidante-multisuperficies-al-agua\/","title":{"rendered":"Esmalte Antioxidante Multisuperficies al Agua"},"content":{"rendered":"<p>Esmalte antioxidante multisuperficies en base acuosa de aplicaci\u00f3n directa sobre acero y \u00f3xido, aluminio y galvanizados sin requerir imprimaci\u00f3n. Excelente protecci\u00f3n frente a la corrosi\u00f3n. Flexible y resistente a los golpes.<\/p>\n","protected":false},"excerpt":{"rendered":"<p>Esmalte antioxidante base agua<\/p>\n","protected":false},"featured_media":83117,"comment_status":"closed","ping_status":"closed","template":"","meta":{"_acf_changed":false,"_links_to":"","_links_to_target":""},"product_brand":[],"product_cat":[42,27],"product_tag":[],"class_list":{"0":"post-13708","1":"product","2":"type-product","3":"status-publish","4":"has-post-thumbnail","6":"product_cat-acabados-antioxidantes","7":"product_cat-esmaltes-imprimaciones-y-selladoras","8":"pa_herramientas-airless","9":"pa_herramientas-brocha","10":"pa_herramientas-pistola","11":"pa_herramientas-rodillo","12":"pa_iconos-base-agua","13":"pa_iconos-exterior-interior","14":"pa_iconos-producto-al-agua","15":"pa_iconos-rendimiento-12-14-m2l","17":"first","18":"instock","19":"shipping-taxable","20":"product-type-simple"},"acf":[],"_links":{"self":[{"href":"https:\/\/jafep.com\/pt-pt\/wp-json\/wp\/v2\/product\/13708","targetHints":{"allow":["GET"]}}],"collection":[{"href":"https:\/\/jafep.com\/pt-pt\/wp-json\/wp\/v2\/product"}],"about":[{"href":"https:\/\/jafep.com\/pt-pt\/wp-json\/wp\/v2\/types\/product"}],"replies":[{"embeddable":true,"href":"https:\/\/jafep.com\/pt-pt\/wp-json\/wp\/v2\/comments?post=13708"}],"wp:featuredmedia":[{"embeddable":true,"href":"https:\/\/jafep.com\/pt-pt\/wp-json\/wp\/v2\/media\/83117"}],"wp:attachment":[{"href":"https:\/\/jafep.com\/pt-pt\/wp-json\/wp\/v2\/media?parent=13708"}],"wp:term":[{"taxonomy":"product_brand","embeddable":true,"href":"https:\/\/jafep.com\/pt-pt\/wp-json\/wp\/v2\/product_brand?post=13708"},{"taxonomy":"product_cat","embeddable":true,"href":"https:\/\/jafep.com\/pt-pt\/wp-json\/wp\/v2\/product_cat?post=13708"},{"taxonomy":"product_tag","embeddable":true,"href":"https:\/\/jafep.com\/pt-pt\/wp-json\/wp\/v2\/product_tag?post=13708"}],"curies":[{"name":"wp","href":"https:\/\/api.w.org\/{rel}","templated":true}]}}