{"id":13669,"date":"2023-12-04T12:58:26","date_gmt":"2023-12-04T12:58:26","guid":{"rendered":"https:\/\/jafep.com\/producto\/puente-de-union-texturado\/"},"modified":"2024-01-30T16:09:53","modified_gmt":"2024-01-30T16:09:53","slug":"puente-de-union-texturado","status":"publish","type":"product","link":"https:\/\/jafep.com\/pt-pt\/producto\/puente-de-union-texturado\/","title":{"rendered":"Ponte de Uni\u00e3o Texturado"},"content":{"rendered":"<p>Produto granulado formulado com pol\u00edmeros acr\u00edlicos em emuls\u00e3o \u00e0 base de \u00e1gua e cargas minerais que actua como ponte de liga\u00e7\u00e3o em superf\u00edcies verticais e horizontais.<\/p>\n<p>&nbsp;<\/p>\n","protected":false},"excerpt":{"rendered":"<p>Produto granulado formulado com pol\u00edmeros acr\u00edlicos em emuls\u00e3o \u00e0 base de \u00e1gua e cargas minerais que actua como ponte de liga\u00e7\u00e3o em superf\u00edcies verticais e horizontais. &nbsp;<\/p>\n","protected":false},"featured_media":83116,"comment_status":"closed","ping_status":"closed","template":"","meta":{"_acf_changed":false,"_links_to":"","_links_to_target":""},"product_brand":[],"product_cat":[1245,1246,537,1065,1247,1244,1248,1249],"product_tag":[],"class_list":{"0":"post-13669","1":"product","2":"type-product","3":"status-publish","4":"has-post-thumbnail","6":"product_cat-antes-de-pintar-interiores-pt-pt","7":"product_cat-before-paint-pt-pt","8":"product_cat-complementos-pt-pt-2","9":"product_cat-exteriores-pt-pt","10":"product_cat-interiores-pt-pt","11":"product_cat-preparaciones-y-fondos-pt-pt","12":"product_cat-restaurar-pt-pt","13":"product_cat-tapar-azulejos-pt-pt","14":"pa_formatos-15l-pt-pt","15":"pa_formatos-4l-pt-pt","16":"pa_herramientas-airless-pt-pt","17":"pa_herramientas-brocha-pt-pt","18":"pa_herramientas-pistola-pt-pt","19":"pa_herramientas-rodillo-pt-pt","20":"pa_iconos-41-brocha-rodillo-pistola-pt-pt","21":"pa_iconos-45-exterior-interior-pt-pt","22":"pa_iconos-base-agua-pt-pt","23":"pa_iconos-rendimiento-6-8-m2l-pt-pt","25":"first","26":"instock","27":"shipping-taxable","28":"product-type-simple"},"acf":[],"_links":{"self":[{"href":"https:\/\/jafep.com\/pt-pt\/wp-json\/wp\/v2\/product\/13669","targetHints":{"allow":["GET"]}}],"collection":[{"href":"https:\/\/jafep.com\/pt-pt\/wp-json\/wp\/v2\/product"}],"about":[{"href":"https:\/\/jafep.com\/pt-pt\/wp-json\/wp\/v2\/types\/product"}],"replies":[{"embeddable":true,"href":"https:\/\/jafep.com\/pt-pt\/wp-json\/wp\/v2\/comments?post=13669"}],"wp:featuredmedia":[{"embeddable":true,"href":"https:\/\/jafep.com\/pt-pt\/wp-json\/wp\/v2\/media\/83116"}],"wp:attachment":[{"href":"https:\/\/jafep.com\/pt-pt\/wp-json\/wp\/v2\/media?parent=13669"}],"wp:term":[{"taxonomy":"product_brand","embeddable":true,"href":"https:\/\/jafep.com\/pt-pt\/wp-json\/wp\/v2\/product_brand?post=13669"},{"taxonomy":"product_cat","embeddable":true,"href":"https:\/\/jafep.com\/pt-pt\/wp-json\/wp\/v2\/product_cat?post=13669"},{"taxonomy":"product_tag","embeddable":true,"href":"https:\/\/jafep.com\/pt-pt\/wp-json\/wp\/v2\/product_tag?post=13669"}],"curies":[{"name":"wp","href":"https:\/\/api.w.org\/{rel}","templated":true}]}}