{"id":13659,"date":"2023-03-14T09:41:34","date_gmt":"2023-11-28T13:00:56","guid":{"rendered":"https:\/\/jafep.com\/?post_type=product&#038;p=13659"},"modified":"2024-01-31T09:26:37","modified_gmt":"2024-01-31T09:26:37","slug":"minio-sem-chumbo","status":"publish","type":"product","link":"https:\/\/jafep.com\/pt-pt\/producto\/minio-sem-chumbo\/","title":{"rendered":"Minio sem Chumbo"},"content":{"rendered":"<p>Prim\u00e1rio sint\u00e9tico antioxidante, isento de chumbo, de secagem r\u00e1pida, \u00e0 base de resinas alqu\u00eddicas e pigmentos anticorrosivos, capaz de oferecer prote\u00e7\u00e3o adequada \u00e0s superf\u00edcies ferrosas.<\/p>\n","protected":false},"excerpt":{"rendered":"<p>Prim\u00e1rio sint\u00e9tico antioxidante, isento de chumbo, de secagem r\u00e1pida, \u00e0 base de resinas alqu\u00eddicas e pigmentos anticorrosivos, capaz de oferecer prote\u00e7\u00e3o adequada \u00e0s superf\u00edcies ferrosas.<\/p>\n","protected":false},"featured_media":83051,"comment_status":"closed","ping_status":"closed","template":"","meta":{"_acf_changed":false,"_links_to":"","_links_to_target":""},"product_brand":[],"product_cat":[1310,451],"product_tag":[],"class_list":{"0":"post-13659","1":"product","2":"type-product","3":"status-publish","4":"has-post-thumbnail","6":"product_cat-esmaltes-primarios-e-selantes","7":"product_cat-primarios","8":"pa_herramientas-airless-pt-pt","9":"pa_herramientas-brocha-pt-pt","10":"pa_herramientas-pistola-pt-pt","11":"pa_herramientas-rodillo-pt-pt","12":"pa_iconos-2-base-solvente-pt-pt","13":"pa_iconos-41-brocha-rodillo-pistola-pt-pt","14":"pa_iconos-45-exterior-interior-pt-pt","15":"pa_iconos-cartacolores","16":"pa_iconos-rendimiento-10-14-m2-l-pt-pt","17":"pa_iconos-satinado-pt-pt","19":"first","20":"instock","21":"shipping-taxable","22":"product-type-simple"},"acf":[],"_links":{"self":[{"href":"https:\/\/jafep.com\/pt-pt\/wp-json\/wp\/v2\/product\/13659","targetHints":{"allow":["GET"]}}],"collection":[{"href":"https:\/\/jafep.com\/pt-pt\/wp-json\/wp\/v2\/product"}],"about":[{"href":"https:\/\/jafep.com\/pt-pt\/wp-json\/wp\/v2\/types\/product"}],"replies":[{"embeddable":true,"href":"https:\/\/jafep.com\/pt-pt\/wp-json\/wp\/v2\/comments?post=13659"}],"wp:featuredmedia":[{"embeddable":true,"href":"https:\/\/jafep.com\/pt-pt\/wp-json\/wp\/v2\/media\/83051"}],"wp:attachment":[{"href":"https:\/\/jafep.com\/pt-pt\/wp-json\/wp\/v2\/media?parent=13659"}],"wp:term":[{"taxonomy":"product_brand","embeddable":true,"href":"https:\/\/jafep.com\/pt-pt\/wp-json\/wp\/v2\/product_brand?post=13659"},{"taxonomy":"product_cat","embeddable":true,"href":"https:\/\/jafep.com\/pt-pt\/wp-json\/wp\/v2\/product_cat?post=13659"},{"taxonomy":"product_tag","embeddable":true,"href":"https:\/\/jafep.com\/pt-pt\/wp-json\/wp\/v2\/product_tag?post=13659"}],"curies":[{"name":"wp","href":"https:\/\/api.w.org\/{rel}","templated":true}]}}