{"id":13652,"date":"2023-10-25T09:25:51","date_gmt":"2023-11-28T12:29:12","guid":{"rendered":"https:\/\/jafep.com\/?post_type=product&#038;p=13652"},"modified":"2023-11-28T12:29:12","modified_gmt":"2023-11-28T12:29:12","slug":"mate-cobertura","status":"publish","type":"product","link":"https:\/\/jafep.com\/pt-pt\/producto\/mate-cobertura\/","title":{"rendered":"+ Mate + Cobertura"},"content":{"rendered":"<p>Desenvolvido buscando uma excelente cobertura que reduza o tempo de aplica\u00e7\u00e3o, deixando um acabamento fosco profundo, disfar\u00e7ando imperfei\u00e7\u00f5es da parede. Acr\u00edlico por natureza e baixo respingo. Desodorizado e aromatizado. <\/p>\n","protected":false},"excerpt":{"rendered":"<p>Tinta Aquosa Mate <\/p>\n","protected":false},"featured_media":0,"comment_status":"closed","ping_status":"closed","template":"","meta":{"_acf_changed":false,"_links_to":"","_links_to_target":""},"product_brand":[],"product_cat":[503,1024],"product_tag":[],"class_list":{"0":"post-13652","1":"product","2":"type-product","3":"status-publish","5":"product_cat-mates-pt-pt","6":"product_cat-pinturas-plasticas-pt-pt","7":"pa_formatos-15l-pt-pt","8":"pa_formatos-4l-pt-pt","9":"pa_herramientas-airless-pt-pt","10":"pa_herramientas-brocha-pt-pt","11":"pa_herramientas-pistola-pt-pt","12":"pa_herramientas-rodillo-pt-pt","13":"pa_iconos-33-rendimiento-8-10-m2l-pt-pt","14":"pa_iconos-45-exterior-interior-pt-pt","15":"pa_iconos-50-extra-mate-85o-pt-pt","16":"pa_iconos-base-agua-pt-pt","18":"first","19":"instock","20":"shipping-taxable","21":"product-type-simple"},"acf":[],"_links":{"self":[{"href":"https:\/\/jafep.com\/pt-pt\/wp-json\/wp\/v2\/product\/13652","targetHints":{"allow":["GET"]}}],"collection":[{"href":"https:\/\/jafep.com\/pt-pt\/wp-json\/wp\/v2\/product"}],"about":[{"href":"https:\/\/jafep.com\/pt-pt\/wp-json\/wp\/v2\/types\/product"}],"replies":[{"embeddable":true,"href":"https:\/\/jafep.com\/pt-pt\/wp-json\/wp\/v2\/comments?post=13652"}],"wp:attachment":[{"href":"https:\/\/jafep.com\/pt-pt\/wp-json\/wp\/v2\/media?parent=13652"}],"wp:term":[{"taxonomy":"product_brand","embeddable":true,"href":"https:\/\/jafep.com\/pt-pt\/wp-json\/wp\/v2\/product_brand?post=13652"},{"taxonomy":"product_cat","embeddable":true,"href":"https:\/\/jafep.com\/pt-pt\/wp-json\/wp\/v2\/product_cat?post=13652"},{"taxonomy":"product_tag","embeddable":true,"href":"https:\/\/jafep.com\/pt-pt\/wp-json\/wp\/v2\/product_tag?post=13652"}],"curies":[{"name":"wp","href":"https:\/\/api.w.org\/{rel}","templated":true}]}}