{"id":13645,"date":"2023-10-20T11:41:56","date_gmt":"2023-11-28T11:45:49","guid":{"rendered":"https:\/\/jafep.com\/?post_type=product&#038;p=13645"},"modified":"2023-11-28T11:45:49","modified_gmt":"2023-11-28T11:45:49","slug":"tinta-de-gramado","status":"publish","type":"product","link":"https:\/\/jafep.com\/pt-pt\/producto\/tinta-de-gramado\/","title":{"rendered":"Tinta de Gramado"},"content":{"rendered":"<p>Tinta de demarca\u00e7\u00e3o para aplicar em suportes naturais de plantas. Respeita a respirabilidade da planta e n\u00e3o a agride, pois \u00e9 formulado com compostos n\u00e3o agressivos. <\/p>\n","protected":false},"excerpt":{"rendered":"<p>Tinta de Gramado <\/p>\n","protected":false},"featured_media":83096,"comment_status":"closed","ping_status":"closed","template":"","meta":{"_acf_changed":false,"_links_to":"","_links_to_target":""},"product_brand":[],"product_cat":[761],"product_tag":[],"class_list":{"0":"post-13645","1":"product","2":"type-product","3":"status-publish","4":"has-post-thumbnail","6":"product_cat-linea-deportiva-pt-pt-3","7":"pa_herramientas-airless-pt-pt","8":"pa_herramientas-brocha-pt-pt","9":"pa_herramientas-pistola-pt-pt","10":"pa_herramientas-rodillo-pt-pt","11":"pa_iconos-41-brocha-rodillo-pistola-pt-pt","12":"pa_iconos-base-agua-pt-pt","13":"pa_iconos-mate-pt-pt","14":"pa_iconos-rendimiento-5-7-m2-l-pt-pt","16":"first","17":"instock","18":"shipping-taxable","19":"product-type-simple"},"acf":[],"_links":{"self":[{"href":"https:\/\/jafep.com\/pt-pt\/wp-json\/wp\/v2\/product\/13645","targetHints":{"allow":["GET"]}}],"collection":[{"href":"https:\/\/jafep.com\/pt-pt\/wp-json\/wp\/v2\/product"}],"about":[{"href":"https:\/\/jafep.com\/pt-pt\/wp-json\/wp\/v2\/types\/product"}],"replies":[{"embeddable":true,"href":"https:\/\/jafep.com\/pt-pt\/wp-json\/wp\/v2\/comments?post=13645"}],"wp:featuredmedia":[{"embeddable":true,"href":"https:\/\/jafep.com\/pt-pt\/wp-json\/wp\/v2\/media\/83096"}],"wp:attachment":[{"href":"https:\/\/jafep.com\/pt-pt\/wp-json\/wp\/v2\/media?parent=13645"}],"wp:term":[{"taxonomy":"product_brand","embeddable":true,"href":"https:\/\/jafep.com\/pt-pt\/wp-json\/wp\/v2\/product_brand?post=13645"},{"taxonomy":"product_cat","embeddable":true,"href":"https:\/\/jafep.com\/pt-pt\/wp-json\/wp\/v2\/product_cat?post=13645"},{"taxonomy":"product_tag","embeddable":true,"href":"https:\/\/jafep.com\/pt-pt\/wp-json\/wp\/v2\/product_tag?post=13645"}],"curies":[{"name":"wp","href":"https:\/\/api.w.org\/{rel}","templated":true}]}}