{"id":13644,"date":"2022-09-09T06:42:03","date_gmt":"2022-09-09T06:42:03","guid":{"rendered":"https:\/\/jafep.com\/?post_type=product&#038;p=13644"},"modified":"2023-11-28T11:23:52","modified_gmt":"2023-11-28T11:23:52","slug":"tinta-aquosa-jts-210-m","status":"publish","type":"product","link":"https:\/\/jafep.com\/pt-pt\/producto\/tinta-aquosa-jts-210-m\/","title":{"rendered":"Tinta Aquosa JTS 210 M"},"content":{"rendered":"<p>Tinta mate ideal para interiores, com bom desempenho, brancura e cobertura na pintura de todo o tipo de superf\u00edcies de alvenaria: cimento, bet\u00e3o, gesso, tijolo, etc. <\/p>\n","protected":false},"excerpt":{"rendered":"<p>Tinta pl\u00e1stica para interiores com \u00f3tima brancura e boa cobertura. Possui boa respirabilidade e uma rela\u00e7\u00e3o qualidade\/pre\u00e7o imbat\u00edvel. <\/p>\n","protected":false},"featured_media":83036,"comment_status":"closed","ping_status":"closed","template":"","meta":{"_acf_changed":false,"_links_to":"","_links_to_target":""},"product_brand":[],"product_cat":[1571,1565,1247,503,1024],"product_tag":[],"class_list":{"0":"post-13644","1":"product","2":"type-product","3":"status-publish","4":"has-post-thumbnail","6":"product_cat-acabamento-mate","7":"product_cat-decorar-pintar-pt-pt","8":"product_cat-interiores-pt-pt","9":"product_cat-mates-pt-pt","10":"product_cat-pinturas-plasticas-pt-pt","11":"pa_formatos-22kg-pt-pt","12":"pa_herramientas-airless-pt-pt","13":"pa_herramientas-brocha-pt-pt","14":"pa_herramientas-pistola-pt-pt","15":"pa_herramientas-rodillo-pt-pt","16":"pa_iconos-41-brocha-rodillo-pistola-pt-pt","17":"pa_iconos-46-interior-pt-pt","18":"pa_iconos-51-mate-60o-pt-pt","19":"pa_iconos-64-lavabilidad-nivel-maximo","20":"pa_iconos-base-agua-pt-pt","21":"pa_iconos-mate-pt-pt","22":"pa_iconos-mate2-5-pt-pt","23":"pa_iconos-rendimiento-6-8-m2l-pt-pt","25":"first","26":"instock","27":"shipping-taxable","28":"product-type-simple"},"acf":[],"_links":{"self":[{"href":"https:\/\/jafep.com\/pt-pt\/wp-json\/wp\/v2\/product\/13644","targetHints":{"allow":["GET"]}}],"collection":[{"href":"https:\/\/jafep.com\/pt-pt\/wp-json\/wp\/v2\/product"}],"about":[{"href":"https:\/\/jafep.com\/pt-pt\/wp-json\/wp\/v2\/types\/product"}],"replies":[{"embeddable":true,"href":"https:\/\/jafep.com\/pt-pt\/wp-json\/wp\/v2\/comments?post=13644"}],"wp:featuredmedia":[{"embeddable":true,"href":"https:\/\/jafep.com\/pt-pt\/wp-json\/wp\/v2\/media\/83036"}],"wp:attachment":[{"href":"https:\/\/jafep.com\/pt-pt\/wp-json\/wp\/v2\/media?parent=13644"}],"wp:term":[{"taxonomy":"product_brand","embeddable":true,"href":"https:\/\/jafep.com\/pt-pt\/wp-json\/wp\/v2\/product_brand?post=13644"},{"taxonomy":"product_cat","embeddable":true,"href":"https:\/\/jafep.com\/pt-pt\/wp-json\/wp\/v2\/product_cat?post=13644"},{"taxonomy":"product_tag","embeddable":true,"href":"https:\/\/jafep.com\/pt-pt\/wp-json\/wp\/v2\/product_tag?post=13644"}],"curies":[{"name":"wp","href":"https:\/\/api.w.org\/{rel}","templated":true}]}}