{"id":13643,"date":"2022-07-18T07:48:10","date_gmt":"2022-07-18T07:48:10","guid":{"rendered":"https:\/\/jafep.com\/?post_type=product&#038;p=13643"},"modified":"2023-11-28T10:59:52","modified_gmt":"2023-11-28T10:59:52","slug":"nv-verniz-de-poliuretano-a-base-de-agua-de-dois-componentes","status":"publish","type":"product","link":"https:\/\/jafep.com\/pt-pt\/producto\/nv-verniz-de-poliuretano-a-base-de-agua-de-dois-componentes\/","title":{"rendered":"NV Verniz de poliuretano \u00e0 base de \u00e1gua de dois componentes"},"content":{"rendered":"<p>O Verniz PU Bicomponente \u00e0 Base de \u00c1gua \u00e9 um revestimento imperme\u00e1vel \u00e0 base de poliuretanos alif\u00e1ticos de alta resist\u00eancia \u00e0 lavagem e intemp\u00e9ries (comp A) e um isocianato alif\u00e1tico (comp B). \u00c9 especialmente indicado para aplica\u00e7\u00e3o em revestimentos de microcimento.<\/p>\n<p>Pode ser aplicado tanto em ambientes internos como externos, em paredes, pisos e tetos. <\/p>\n","protected":false},"excerpt":{"rendered":"<p>O Verniz PU Bicomponente \u00e0 Base de \u00c1gua \u00e9 um revestimento imperme\u00e1vel \u00e0 base de poliuretanos alif\u00e1ticos de alta resist\u00eancia \u00e0 lavagem e intemp\u00e9ries (comp A) e um isocianato alif\u00e1tico (comp B). \u00c9 especialmente indicado para aplica\u00e7\u00e3o em revestimentos de microcimento. Pode ser aplicado tanto em ambientes internos como externos, em paredes, pisos e tetos.<\/p>\n","protected":false},"featured_media":87406,"comment_status":"closed","ping_status":"closed","template":"","meta":{"_acf_changed":false,"_links_to":"","_links_to_target":""},"product_brand":[],"product_cat":[1406,1412],"product_tag":[],"class_list":{"0":"post-13643","1":"product","2":"type-product","3":"status-publish","4":"has-post-thumbnail","6":"product_cat-pisos-pavimentos-e-sinaletica","7":"product_cat-pisos-pavimentos-e-sinaletica-pt-pt","8":"pa_herramientas-airless-pt-pt","9":"pa_herramientas-brocha-pt-pt","10":"pa_herramientas-pistola-pt-pt","11":"pa_herramientas-rodillo-pt-pt","12":"pa_iconos-34-rendimiento-de-10-12-m2l-pt-pt","13":"pa_iconos-41-brocha-rodillo-pistola-pt-pt","14":"pa_iconos-45-exterior-interior-pt-pt","15":"pa_iconos-a-b-pt-pt","16":"pa_iconos-brillante-satinado-mate-pt-pt","17":"pa_iconos-producto-al-agua-pt-pt","19":"first","20":"instock","21":"shipping-taxable","22":"product-type-simple"},"acf":[],"_links":{"self":[{"href":"https:\/\/jafep.com\/pt-pt\/wp-json\/wp\/v2\/product\/13643","targetHints":{"allow":["GET"]}}],"collection":[{"href":"https:\/\/jafep.com\/pt-pt\/wp-json\/wp\/v2\/product"}],"about":[{"href":"https:\/\/jafep.com\/pt-pt\/wp-json\/wp\/v2\/types\/product"}],"replies":[{"embeddable":true,"href":"https:\/\/jafep.com\/pt-pt\/wp-json\/wp\/v2\/comments?post=13643"}],"wp:featuredmedia":[{"embeddable":true,"href":"https:\/\/jafep.com\/pt-pt\/wp-json\/wp\/v2\/media\/87406"}],"wp:attachment":[{"href":"https:\/\/jafep.com\/pt-pt\/wp-json\/wp\/v2\/media?parent=13643"}],"wp:term":[{"taxonomy":"product_brand","embeddable":true,"href":"https:\/\/jafep.com\/pt-pt\/wp-json\/wp\/v2\/product_brand?post=13643"},{"taxonomy":"product_cat","embeddable":true,"href":"https:\/\/jafep.com\/pt-pt\/wp-json\/wp\/v2\/product_cat?post=13643"},{"taxonomy":"product_tag","embeddable":true,"href":"https:\/\/jafep.com\/pt-pt\/wp-json\/wp\/v2\/product_tag?post=13643"}],"curies":[{"name":"wp","href":"https:\/\/api.w.org\/{rel}","templated":true}]}}