{"id":13633,"date":"2016-05-10T08:20:52","date_gmt":"2023-11-24T12:18:41","guid":{"rendered":"https:\/\/jafep.com\/?post_type=product&#038;p=13633"},"modified":"2023-11-24T12:18:41","modified_gmt":"2023-11-24T12:18:41","slug":"bases-esmalte-sintetico-industrial-de-secagem-rapida-brilhante-acetinada-bases-pal-tdl","status":"publish","type":"product","link":"https:\/\/jafep.com\/pt-pt\/producto\/bases-esmalte-sintetico-industrial-de-secagem-rapida-brilhante-acetinada-bases-pal-tdl\/","title":{"rendered":"Bases Esmalte Sint\u00e9tico Industrial de Secagem r\u00e1pida (Brilhante, Acetinada; Bases PAL, TDL)"},"content":{"rendered":"<p>Esmalte de acabamento industrial para estruturas met\u00e1licas, tubagens, maquinaria, etc. Fabricado com resinas alqu\u00eddicas especiais modificadas e pigmentos de alta resist\u00eancia que proporcionam alto brilho, boa cobertura e secagem r\u00e1pida, o que permite o manuseamento de pe\u00e7as pintadas. <\/p>\n","protected":false},"excerpt":{"rendered":"<p>Esmalte de acabamento industrial para estruturas met\u00e1licas, tubagens, maquinaria, etc. Fabricado com resinas alqu\u00eddicas especiais modificadas e pigmentos de alta resist\u00eancia que proporcionam alto brilho, boa cobertura e secagem r\u00e1pida, o que permite o manuseamento de pe\u00e7as pintadas.<\/p>\n","protected":false},"featured_media":83731,"comment_status":"closed","ping_status":"closed","template":"","meta":{"_acf_changed":false,"_links_to":"","_links_to_target":""},"product_brand":[],"product_cat":[549,1398],"product_tag":[],"class_list":{"0":"post-13633","1":"product","2":"type-product","3":"status-publish","4":"has-post-thumbnail","6":"product_cat-sistema-tintometrico-industrial-dual","7":"product_cat-sistemas-tintometricos-pt-pt-2","8":"pa_formatos-15l-pt-pt","9":"pa_formatos-4l-pt-pt","10":"pa_formatos-750ml-pt-pt","11":"pa_herramientas-airless-pt-pt","12":"pa_herramientas-pistola-pt-pt","13":"pa_iconos-2-base-solvente-pt-pt","14":"pa_iconos-34-rendimiento-de-10-12-m2l-pt-pt","15":"pa_iconos-45-exterior-interior-pt-pt","17":"first","18":"instock","19":"shipping-taxable","20":"product-type-simple"},"acf":[],"_links":{"self":[{"href":"https:\/\/jafep.com\/pt-pt\/wp-json\/wp\/v2\/product\/13633","targetHints":{"allow":["GET"]}}],"collection":[{"href":"https:\/\/jafep.com\/pt-pt\/wp-json\/wp\/v2\/product"}],"about":[{"href":"https:\/\/jafep.com\/pt-pt\/wp-json\/wp\/v2\/types\/product"}],"replies":[{"embeddable":true,"href":"https:\/\/jafep.com\/pt-pt\/wp-json\/wp\/v2\/comments?post=13633"}],"wp:featuredmedia":[{"embeddable":true,"href":"https:\/\/jafep.com\/pt-pt\/wp-json\/wp\/v2\/media\/83731"}],"wp:attachment":[{"href":"https:\/\/jafep.com\/pt-pt\/wp-json\/wp\/v2\/media?parent=13633"}],"wp:term":[{"taxonomy":"product_brand","embeddable":true,"href":"https:\/\/jafep.com\/pt-pt\/wp-json\/wp\/v2\/product_brand?post=13633"},{"taxonomy":"product_cat","embeddable":true,"href":"https:\/\/jafep.com\/pt-pt\/wp-json\/wp\/v2\/product_cat?post=13633"},{"taxonomy":"product_tag","embeddable":true,"href":"https:\/\/jafep.com\/pt-pt\/wp-json\/wp\/v2\/product_tag?post=13633"}],"curies":[{"name":"wp","href":"https:\/\/api.w.org\/{rel}","templated":true}]}}