{"id":13623,"date":"2016-05-10T08:28:16","date_gmt":"2023-11-24T11:25:03","guid":{"rendered":"https:\/\/jafep.com\/?post_type=product&#038;p=13623"},"modified":"2023-11-24T11:25:03","modified_gmt":"2023-11-24T11:25:03","slug":"bases-tinta-acrilica-para-pavimentos-bases-pal-tdl","status":"publish","type":"product","link":"https:\/\/jafep.com\/pt-pt\/producto\/bases-tinta-acrilica-para-pavimentos-bases-pal-tdl\/","title":{"rendered":"Bases Tinta Acr\u00edlica para Pavimentos (Bases PAL + TDL)"},"content":{"rendered":"<p>Tinta especial para pisos, \u00e0 base de resinas acr\u00edlicas termopl\u00e1sticas em fase solvente, monocomponente e acabamento acetinado. <\/p>\n","protected":false},"excerpt":{"rendered":"<p>Tinta especial para pisos, \u00e0 base de resinas acr\u00edlicas termopl\u00e1sticas em fase solvente, monocomponente e acabamento acetinado.<\/p>\n","protected":false},"featured_media":83727,"comment_status":"closed","ping_status":"closed","template":"","meta":{"_acf_changed":false,"_links_to":"","_links_to_target":""},"product_brand":[],"product_cat":[1478,1480,549,1398,1483],"product_tag":[],"class_list":{"0":"post-13623","1":"product","2":"type-product","3":"status-publish","4":"has-post-thumbnail","6":"product_cat-pavimento","7":"product_cat-pintar-pavimentos","8":"product_cat-sistema-tintometrico-industrial-dual","9":"product_cat-sistemas-tintometricos-pt-pt-2","10":"product_cat-transito-de-veiculos","11":"pa_formatos-12l-pt-pt","12":"pa_formatos-4l-pt-pt","13":"pa_herramientas-airless-pt-pt","14":"pa_herramientas-brocha-pt-pt","15":"pa_herramientas-pistola-pt-pt","16":"pa_herramientas-rodillo-pt-pt","17":"pa_iconos-45-exterior-interior-pt-pt","18":"pa_iconos-base-agua-pt-pt","19":"pa_iconos-rendimiento-6-8-m2l-pt-pt","20":"pa_iconos-satinado-pt-pt","22":"first","23":"instock","24":"shipping-taxable","25":"product-type-simple"},"acf":[],"_links":{"self":[{"href":"https:\/\/jafep.com\/pt-pt\/wp-json\/wp\/v2\/product\/13623","targetHints":{"allow":["GET"]}}],"collection":[{"href":"https:\/\/jafep.com\/pt-pt\/wp-json\/wp\/v2\/product"}],"about":[{"href":"https:\/\/jafep.com\/pt-pt\/wp-json\/wp\/v2\/types\/product"}],"replies":[{"embeddable":true,"href":"https:\/\/jafep.com\/pt-pt\/wp-json\/wp\/v2\/comments?post=13623"}],"wp:featuredmedia":[{"embeddable":true,"href":"https:\/\/jafep.com\/pt-pt\/wp-json\/wp\/v2\/media\/83727"}],"wp:attachment":[{"href":"https:\/\/jafep.com\/pt-pt\/wp-json\/wp\/v2\/media?parent=13623"}],"wp:term":[{"taxonomy":"product_brand","embeddable":true,"href":"https:\/\/jafep.com\/pt-pt\/wp-json\/wp\/v2\/product_brand?post=13623"},{"taxonomy":"product_cat","embeddable":true,"href":"https:\/\/jafep.com\/pt-pt\/wp-json\/wp\/v2\/product_cat?post=13623"},{"taxonomy":"product_tag","embeddable":true,"href":"https:\/\/jafep.com\/pt-pt\/wp-json\/wp\/v2\/product_tag?post=13623"}],"curies":[{"name":"wp","href":"https:\/\/api.w.org\/{rel}","templated":true}]}}