{"id":13615,"date":"2016-05-10T09:45:26","date_gmt":"2023-11-24T10:53:39","guid":{"rendered":"https:\/\/jafep.com\/?post_type=product&#038;p=13615"},"modified":"2023-11-24T11:05:37","modified_gmt":"2023-11-24T11:05:37","slug":"tinta-de-poliuretano-brilhante-catalisador","status":"publish","type":"product","link":"https:\/\/jafep.com\/pt-pt\/producto\/tinta-de-poliuretano-brilhante-catalisador\/","title":{"rendered":"Tinta de Poliuretano Brilhante + Catalisador"},"content":{"rendered":"<p>Tinta especialmente desenvolvida para pisos, pavimentos e paredes de concreto e cimento, composta por dois componentes \u00e0 base de resinas acr\u00edlicas hidroxiladas e curadas com isocianato alif\u00e1tico.<\/p>\n<p>Suas caracter\u00edsticas mais not\u00e1veis ??s\u00e3o: grande resist\u00eancia ao impacto. Muito boa ades\u00e3o.<\/p>\n<p>Resist\u00eancia a \u00e1cidos, \u00e1lcalis, gasolina e outros solventes. Secagem r\u00e1pida e alto n\u00edvel de brilho.<\/p>\n<p>Nas condi\u00e7\u00f5es de aplica\u00e7\u00e3o recomendadas, as superf\u00edcies ficam perfeitamente impermeabilizadas.<\/p>\n<p>\u00c9, portanto, um produto recomendado para pintura de superf\u00edcies de armazenamento de produtos qu\u00edmicos que possam causar contamina\u00e7\u00e3o do solo por vazamentos ou derramamentos. <\/p>\n","protected":false},"excerpt":{"rendered":"<p>Tinta especialmente desenvolvida para pisos, pavimentos e paredes de concreto e cimento, composta por dois componentes \u00e0 base de resinas acr\u00edlicas hidroxiladas e curadas com isocianato alif\u00e1tico. Suas caracter\u00edsticas mais not\u00e1veis ??s\u00e3o: grande resist\u00eancia ao impacto. Muito boa ades\u00e3o. Resist\u00eancia a \u00e1cidos, \u00e1lcalis, gasolina e outros solventes. Secagem r\u00e1pida e alto n\u00edvel de brilho. Nas&#8230;<\/p>\n","protected":false},"featured_media":83719,"comment_status":"closed","ping_status":"closed","template":"","meta":{"_acf_changed":false,"_links_to":"","_links_to_target":""},"product_brand":[],"product_cat":[1478,1560,1561,1480,1406,1412,549,1398,1484],"product_tag":[],"class_list":{"0":"post-13615","1":"product","2":"type-product","3":"status-publish","4":"has-post-thumbnail","6":"product_cat-pavimento","7":"product_cat-pavimentos","8":"product_cat-pintar-pavimento","9":"product_cat-pintar-pavimentos","10":"product_cat-pisos-pavimentos-e-sinaletica","11":"product_cat-pisos-pavimentos-e-sinaletica-pt-pt","12":"product_cat-sistema-tintometrico-industrial-dual","13":"product_cat-sistemas-tintometricos-pt-pt-2","14":"product_cat-uso-industrial-pt-pt","15":"pa_iconos-2-base-solvente-pt-pt","17":"first","18":"instock","19":"shipping-taxable","20":"product-type-simple"},"acf":[],"_links":{"self":[{"href":"https:\/\/jafep.com\/pt-pt\/wp-json\/wp\/v2\/product\/13615","targetHints":{"allow":["GET"]}}],"collection":[{"href":"https:\/\/jafep.com\/pt-pt\/wp-json\/wp\/v2\/product"}],"about":[{"href":"https:\/\/jafep.com\/pt-pt\/wp-json\/wp\/v2\/types\/product"}],"replies":[{"embeddable":true,"href":"https:\/\/jafep.com\/pt-pt\/wp-json\/wp\/v2\/comments?post=13615"}],"wp:featuredmedia":[{"embeddable":true,"href":"https:\/\/jafep.com\/pt-pt\/wp-json\/wp\/v2\/media\/83719"}],"wp:attachment":[{"href":"https:\/\/jafep.com\/pt-pt\/wp-json\/wp\/v2\/media?parent=13615"}],"wp:term":[{"taxonomy":"product_brand","embeddable":true,"href":"https:\/\/jafep.com\/pt-pt\/wp-json\/wp\/v2\/product_brand?post=13615"},{"taxonomy":"product_cat","embeddable":true,"href":"https:\/\/jafep.com\/pt-pt\/wp-json\/wp\/v2\/product_cat?post=13615"},{"taxonomy":"product_tag","embeddable":true,"href":"https:\/\/jafep.com\/pt-pt\/wp-json\/wp\/v2\/product_tag?post=13615"}],"curies":[{"name":"wp","href":"https:\/\/api.w.org\/{rel}","templated":true}]}}