{"id":13614,"date":"2023-11-24T09:59:37","date_gmt":"2023-11-24T09:59:37","guid":{"rendered":"https:\/\/jafep.com\/?post_type=product&#038;p=13614"},"modified":"2025-08-19T15:47:19","modified_gmt":"2025-08-19T13:47:19","slug":"pintura-plastica-velour-bases-p-d-y-tr","status":"publish","type":"product","link":"https:\/\/jafep.com\/pt-pt\/producto\/pintura-plastica-velour-bases-p-d-y-tr\/","title":{"rendered":"Pintura Pl\u00e1stica Velour &#8211; Bases P, D y TR"},"content":{"rendered":"<p>Pintura vin\u00edlica de acabado semimate seg\u00fan el estilo tradicional franc\u00e9s (Velour). Lavable y resistente a los roces.<\/p>\n<p>Dise\u00f1ada en tres bases P, D y TR para obtener acabados en diferentes tonos de color.<\/p>\n","protected":false},"excerpt":{"rendered":"<p>Pintura vin\u00edlica de acabado semimate seg\u00fan el estilo tradicional franc\u00e9s (Velour). Lavable y resistente a los roces. Dise\u00f1ada en tres bases P, D y TR para obtener acabados en diferentes tonos de color.<\/p>\n","protected":false},"featured_media":83107,"comment_status":"closed","ping_status":"closed","template":"","meta":{"_acf_changed":false,"_links_to":"","_links_to_target":""},"product_brand":[],"product_cat":[78,37],"product_tag":[],"class_list":{"0":"post-13614","1":"product","2":"type-product","3":"status-publish","4":"has-post-thumbnail","6":"product_cat-bases-sistema-multicolor","7":"product_cat-sistemas-tintometricos","8":"pa_formatos-15l","9":"pa_formatos-4l","10":"pa_herramientas-airless","11":"pa_herramientas-brocha","12":"pa_herramientas-pistola","13":"pa_herramientas-rodillo","14":"pa_iconos-base-agua","15":"pa_iconos-brocha-rodillo-pistola","16":"pa_iconos-exterior-interior","17":"pa_iconos-lavabilidad-nivel-2","18":"pa_iconos-rendimiento-de-10-12-m2l","20":"first","21":"instock","22":"shipping-taxable","23":"product-type-simple"},"acf":[],"_links":{"self":[{"href":"https:\/\/jafep.com\/pt-pt\/wp-json\/wp\/v2\/product\/13614","targetHints":{"allow":["GET"]}}],"collection":[{"href":"https:\/\/jafep.com\/pt-pt\/wp-json\/wp\/v2\/product"}],"about":[{"href":"https:\/\/jafep.com\/pt-pt\/wp-json\/wp\/v2\/types\/product"}],"replies":[{"embeddable":true,"href":"https:\/\/jafep.com\/pt-pt\/wp-json\/wp\/v2\/comments?post=13614"}],"wp:featuredmedia":[{"embeddable":true,"href":"https:\/\/jafep.com\/pt-pt\/wp-json\/wp\/v2\/media\/83107"}],"wp:attachment":[{"href":"https:\/\/jafep.com\/pt-pt\/wp-json\/wp\/v2\/media?parent=13614"}],"wp:term":[{"taxonomy":"product_brand","embeddable":true,"href":"https:\/\/jafep.com\/pt-pt\/wp-json\/wp\/v2\/product_brand?post=13614"},{"taxonomy":"product_cat","embeddable":true,"href":"https:\/\/jafep.com\/pt-pt\/wp-json\/wp\/v2\/product_cat?post=13614"},{"taxonomy":"product_tag","embeddable":true,"href":"https:\/\/jafep.com\/pt-pt\/wp-json\/wp\/v2\/product_tag?post=13614"}],"curies":[{"name":"wp","href":"https:\/\/api.w.org\/{rel}","templated":true}]}}