{"id":1361,"date":"2016-02-08T07:23:02","date_gmt":"2016-02-08T07:23:02","guid":{"rendered":"https:\/\/jafep.com\/?post_type=product&#038;p=1361"},"modified":"2023-03-20T12:31:19","modified_gmt":"2023-03-20T12:31:19","slug":"acrimar-esmalte-acrilico-al-agua-esmalte-acrilico-aquoso","status":"publish","type":"product","link":"https:\/\/jafep.com\/pt-pt\/producto\/acrimar-esmalte-acrilico-al-agua-esmalte-acrilico-aquoso\/","title":{"rendered":"Esmalte Acr\u00edlico Aquoso com Poliuretano Acrimar"},"content":{"rendered":"<p>Esmalte acr\u00edlico aquoso de f\u00e1cil aplica\u00e7\u00e3o e muito bom nivelamento. Lav\u00e1vel, inodoro e n\u00e3o inflam\u00e1vel. N\u00e3o amarela. Oferece extraordin\u00e1ria dureza e resist\u00eancia ao atrito. <\/p>\n","protected":false},"excerpt":{"rendered":"<p>Esmalte acr\u00edlico \u00e0 base de \u00e1gua. <\/p>\n","protected":false},"featured_media":82716,"comment_status":"closed","ping_status":"closed","template":"","meta":{"_acf_changed":false,"_links_to":"","_links_to_target":""},"product_brand":[],"product_cat":[443,1310],"product_tag":[],"class_list":{"0":"post-1361","1":"product","2":"type-product","3":"status-publish","4":"has-post-thumbnail","6":"product_cat-esmaltes-decoracao","7":"product_cat-esmaltes-primarios-e-selantes","8":"pa_formatos-375ml-pt-pt","9":"pa_formatos-4l-pt-pt","10":"pa_formatos-750ml-pt-pt","11":"pa_herramientas-airless-pt-pt","12":"pa_herramientas-brocha-esmalte-barniz-acrilico-microfibra-pt-pt","13":"pa_herramientas-pistola-pt-pt","14":"pa_herramientas-rodillo-esmalte-barniz-sintetico-100-espuma-flocada-pt-pt","15":"pa_herramientas-rodillo-esmalte-barniz-sintetico-100-lana-de-oveja-45mm-pt-pt","16":"pa_herramientas-rodillo-esmalte-barniz-sintetico-100-poliester-tejido-13mm-pt-pt","17":"pa_herramientas-rodillo-esmalte-barniz-sintetico-flocado-pt-pt","18":"pa_herramientas-rodillo-esmalte-barniz-sintetico-y-acrilico-100-espuma-densidad-60-pt-pt","19":"pa_herramientas-rodillo-esmalte-barniz-acrilico-microfibra-8-mm-pt-pt","20":"pa_iconos-base-pt-pt","21":"pa_iconos-30-rendimiento-12-14-m2-pt-pt","22":"pa_iconos-41-brocha-rodillo-pistola-pt-pt","23":"pa_iconos-45-exterior-interior-pt-pt","24":"pa_iconos-basep-pt-pt","25":"pa_iconos-a-mas-pt-pt","26":"pa_iconos-apto-para-uso-em-brinquedos","27":"pa_iconos-base-agua-pt-pt","28":"pa_iconos-brillante-satinado-mate-pt-pt","29":"pa_iconos-cartacolores","30":"pa_iconos-b-s1d0-pt-pt","32":"first","33":"instock","34":"shipping-taxable","35":"product-type-simple"},"acf":[],"_links":{"self":[{"href":"https:\/\/jafep.com\/pt-pt\/wp-json\/wp\/v2\/product\/1361","targetHints":{"allow":["GET"]}}],"collection":[{"href":"https:\/\/jafep.com\/pt-pt\/wp-json\/wp\/v2\/product"}],"about":[{"href":"https:\/\/jafep.com\/pt-pt\/wp-json\/wp\/v2\/types\/product"}],"replies":[{"embeddable":true,"href":"https:\/\/jafep.com\/pt-pt\/wp-json\/wp\/v2\/comments?post=1361"}],"wp:featuredmedia":[{"embeddable":true,"href":"https:\/\/jafep.com\/pt-pt\/wp-json\/wp\/v2\/media\/82716"}],"wp:attachment":[{"href":"https:\/\/jafep.com\/pt-pt\/wp-json\/wp\/v2\/media?parent=1361"}],"wp:term":[{"taxonomy":"product_brand","embeddable":true,"href":"https:\/\/jafep.com\/pt-pt\/wp-json\/wp\/v2\/product_brand?post=1361"},{"taxonomy":"product_cat","embeddable":true,"href":"https:\/\/jafep.com\/pt-pt\/wp-json\/wp\/v2\/product_cat?post=1361"},{"taxonomy":"product_tag","embeddable":true,"href":"https:\/\/jafep.com\/pt-pt\/wp-json\/wp\/v2\/product_tag?post=1361"}],"curies":[{"name":"wp","href":"https:\/\/api.w.org\/{rel}","templated":true}]}}